{"id":2759,"date":"2026-02-25T11:52:46","date_gmt":"2026-02-25T11:52:46","guid":{"rendered":"https:\/\/www.drnurtenkucuk.com\/?page_id=2759"},"modified":"2026-02-25T12:00:53","modified_gmt":"2026-02-25T12:00:53","slug":"kvkk-aydinlatma-metni","status":"publish","type":"page","link":"https:\/\/www.drnurtenkucuk.com\/en\/kvkk-aydinlatma-metni\/","title":{"rendered":"Personal Data Protection Law (KVKK) Information Text"},"content":{"rendered":"<div data-elementor-type=\"wp-page\" data-elementor-id=\"2759\" class=\"elementor elementor-2759\">\n\t\t\t\t<div class=\"elementor-element elementor-element-d2807b9 e-flex e-con-boxed e-con e-parent\" data-id=\"d2807b9\" data-element_type=\"container\" data-e-type=\"container\" data-settings=\"{&quot;background_background&quot;:&quot;classic&quot;}\">\n\t\t\t\t\t<div class=\"e-con-inner\">\n\t\t\t\t<div class=\"elementor-element elementor-element-f70d138 elementor-widget elementor-widget-heading\" data-id=\"f70d138\" data-element_type=\"widget\" data-e-type=\"widget\" data-widget_type=\"heading.default\">\n\t\t\t\t\t<h1 class=\"elementor-heading-title elementor-size-default\">Personal Data Protection Law (KVKK) Information Text<\/h1>\t\t\t\t<\/div>\n\t\t\t\t\t<\/div>\n\t\t\t\t<\/div>\n\t\t<div class=\"elementor-element elementor-element-ca6ba3d e-flex e-con-boxed e-con e-parent\" data-id=\"ca6ba3d\" data-element_type=\"container\" data-e-type=\"container\" data-settings=\"{&quot;background_background&quot;:&quot;classic&quot;}\">\n\t\t\t\t\t<div class=\"e-con-inner\">\n\t\t<div class=\"elementor-element elementor-element-dfc2dc6 e-con-full e-flex e-con e-child\" data-id=\"dfc2dc6\" data-element_type=\"container\" data-e-type=\"container\">\n\t\t\t\t<div class=\"elementor-element elementor-element-cf9e577 elementor-widget elementor-widget-heading\" data-id=\"cf9e577\" data-element_type=\"widget\" data-e-type=\"widget\" data-widget_type=\"heading.default\">\n\t\t\t\t\t<h2 class=\"elementor-heading-title elementor-size-default\">PERSONAL DATA PROTECTION LAW (KVKK) INFORMATION TEXT<\/h2>\t\t\t\t<\/div>\n\t\t\t\t<div class=\"elementor-element elementor-element-e632ef0 elementor-widget elementor-widget-text-editor\" data-id=\"e632ef0\" data-element_type=\"widget\" data-e-type=\"widget\" data-widget_type=\"text-editor.default\">\n\t\t\t\t\t\t\t\t\t<div id=\"lipsum\">\n<blockquote data-path-to-node=\"9\">\n<p data-path-to-node=\"9,0\"><b data-path-to-node=\"4,1\" data-index-in-node=\"0\">1. Data Controller<\/b><\/p>\n<p data-path-to-node=\"9,0\">In accordance with the Law No. 6698 on the Protection of Personal Data (&quot;KVKK&quot;), your personal data is processed by us as the data controller. <b data-path-to-node=\"4,1\" data-index-in-node=\"129\">Op. Dr. Nurten K\u00fc\u00e7\u00fck<\/b> It may be processed by [the relevant authority] within the scope described below.<\/p>\n<\/blockquote>\n<blockquote data-path-to-node=\"10\">\n<p data-path-to-node=\"4,2\"><b data-path-to-node=\"4,2\" data-index-in-node=\"0\">2. Purpose of Processing Personal Data<\/b><\/p>\n<p data-path-to-node=\"4,2\">Your personal information (Name, Surname), contact information (Phone, Email), and sensitive personal data regarding your health status (Complaints, message content) that you share with us through the contact form on our website, our WhatsApp line, or by phone;<\/p>\n<ul data-path-to-node=\"4,3\">\n<li>\n<p data-path-to-node=\"4,3,0,0\">In order to provide you with medical consultation and examination services,<\/p>\n<\/li>\n<li>\n<p data-path-to-node=\"4,3,1,0\">Planning and managing appointment processes,<\/p>\n<\/li>\n<li>\n<p data-path-to-node=\"4,3,2,0\">Your patient file is processed in accordance with the law and principles of fairness for the purposes of creating a file and contacting you.<\/p>\n<\/li>\n<\/ul>\n<\/blockquote>\n<blockquote data-path-to-node=\"11\">\n<p data-path-to-node=\"11,0\"><b data-path-to-node=\"4,4\" data-index-in-node=\"0\">3. Transfer of Personal Data<\/b><\/p>\n<p data-path-to-node=\"11,0\">Your collected personal data is kept confidential in accordance with privacy rules and will absolutely not be shared with any third party, institution, or company unless required by law (e.g., Ministry of Health regulations or requests from judicial authorities).<\/p>\n<\/blockquote>\n<blockquote data-path-to-node=\"9\">\n<p data-path-to-node=\"9,0\"><b data-path-to-node=\"4,5\" data-index-in-node=\"0\">4. Method and Legal Basis for Personal Data Collection<\/b><\/p>\n<p data-path-to-node=\"9,0\">Your personal data is automatically collected electronically when you fill out the contact form on our website. This data is processed based on the legal grounds specified in Articles 5 and 6 of the KVKK (Personal Data Protection Law), namely &quot;being directly related to the establishment or performance of a contract&quot;, &quot;enabling the data controller to fulfill its legal obligations&quot; and &quot;explicit consent&quot;.<\/p>\n<\/blockquote>\n<blockquote data-path-to-node=\"10\">\n<p data-path-to-node=\"4,2\"><b data-path-to-node=\"4,6\" data-index-in-node=\"0\">5. Rights of the Data Subject<\/b><\/p>\n<p data-path-to-node=\"4,2\">In accordance with Article 11 of the Turkish Personal Data Protection Law (KVKK), you have the right to inquire whether your personal data is being processed, to request information if it is being processed, to request correction if it is incomplete or inaccurate, and to request its deletion by contacting our clinic. You can submit your requests through the communication channels on our website.<\/p>\n<\/blockquote>\n<\/div>\t\t\t\t\t\t\t\t<\/div>\n\t\t\t\t<\/div>\n\t\t\t\t\t<\/div>\n\t\t\t\t<\/div>\n\t\t\t\t<\/div>","protected":false},"excerpt":{"rendered":"<p>KVKK Ayd\u0131nlatma Metni K\u0130\u015e\u0130SEL VER\u0130LER\u0130N KORUNMASI KANUNU (KVKK) AYDINLATMA METN\u0130 1. Veri Sorumlusu 6698 say\u0131l\u0131 Ki\u015fisel Verilerin Korunmas\u0131 Kanunu (&#8220;KVKK&#8221;) uyar\u0131nca, ki\u015fisel verileriniz veri sorumlusu s\u0131fat\u0131yla Op. Dr. Nurten K\u00fc\u00e7\u00fck taraf\u0131ndan a\u015fa\u011f\u0131da a\u00e7\u0131klanan kapsamda i\u015flenebilecektir. 2. Ki\u015fisel Verilerin \u0130\u015flenme Amac\u0131 Web sitemizdeki ileti\u015fim formu, WhatsApp hatt\u0131 veya telefon arac\u0131l\u0131\u011f\u0131yla bizimle payla\u015ft\u0131\u011f\u0131n\u0131z kimlik bilgileriniz (Ad, Soyad),&#8230;<\/p>","protected":false},"author":1,"featured_media":0,"parent":0,"menu_order":0,"comment_status":"closed","ping_status":"closed","template":"","meta":{"_kad_post_transparent":"","_kad_post_title":"hide","_kad_post_layout":"fullwidth","_kad_post_sidebar_id":"","_kad_post_content_style":"unboxed","_kad_post_vertical_padding":"hide","_kad_post_feature":"hide","_kad_post_feature_position":"","_kad_post_header":false,"_kad_post_footer":false,"_kad_post_classname":"","_joinchat":[],"footnotes":""},"class_list":["post-2759","page","type-page","status-publish","hentry"],"_links":{"self":[{"href":"https:\/\/www.drnurtenkucuk.com\/en\/wp-json\/wp\/v2\/pages\/2759","targetHints":{"allow":["GET"]}}],"collection":[{"href":"https:\/\/www.drnurtenkucuk.com\/en\/wp-json\/wp\/v2\/pages"}],"about":[{"href":"https:\/\/www.drnurtenkucuk.com\/en\/wp-json\/wp\/v2\/types\/page"}],"author":[{"embeddable":true,"href":"https:\/\/www.drnurtenkucuk.com\/en\/wp-json\/wp\/v2\/users\/1"}],"replies":[{"embeddable":true,"href":"https:\/\/www.drnurtenkucuk.com\/en\/wp-json\/wp\/v2\/comments?post=2759"}],"version-history":[{"count":13,"href":"https:\/\/www.drnurtenkucuk.com\/en\/wp-json\/wp\/v2\/pages\/2759\/revisions"}],"predecessor-version":[{"id":2772,"href":"https:\/\/www.drnurtenkucuk.com\/en\/wp-json\/wp\/v2\/pages\/2759\/revisions\/2772"}],"wp:attachment":[{"href":"https:\/\/www.drnurtenkucuk.com\/en\/wp-json\/wp\/v2\/media?parent=2759"}],"curies":[{"name":"wp","href":"https:\/\/api.w.org\/{rel}","templated":true}]}}