{"id":2372,"date":"2026-02-24T17:29:50","date_gmt":"2026-02-24T17:29:50","guid":{"rendered":"https:\/\/www.drnurtenkucuk.com\/?page_id=2372"},"modified":"2026-03-17T03:47:41","modified_gmt":"2026-03-17T03:47:41","slug":"bas-ve-boyun-cerrahisi-2","status":"publish","type":"page","link":"https:\/\/www.drnurtenkucuk.com\/en\/bas-ve-boyun-cerrahisi-2\/","title":{"rendered":"Head and Neck Surgery"},"content":{"rendered":"<div data-elementor-type=\"wp-page\" data-elementor-id=\"2372\" class=\"elementor elementor-2372\">\n\t\t\t\t<div class=\"elementor-element elementor-element-d2807b9 e-flex e-con-boxed e-con e-parent\" data-id=\"d2807b9\" data-element_type=\"container\" data-e-type=\"container\" data-settings=\"{&quot;background_background&quot;:&quot;classic&quot;}\">\n\t\t\t\t\t<div class=\"e-con-inner\">\n\t\t\t\t<div class=\"elementor-element elementor-element-ef83bd4 elementor-widget__width-inherit elementor-widget elementor-widget-text-editor\" data-id=\"ef83bd4\" data-element_type=\"widget\" data-e-type=\"widget\" data-widget_type=\"text-editor.default\">\n\t\t\t\t\t\t\t\t\t<p>Advanced surgical specialization in the treatment of thyroid, larynx, salivary gland, and neck masses; preserving function and aesthetics while adhering to oncological principles.<\/p>\t\t\t\t\t\t\t\t<\/div>\n\t\t\t\t<div class=\"elementor-element elementor-element-f70d138 elementor-widget elementor-widget-heading\" data-id=\"f70d138\" data-element_type=\"widget\" data-e-type=\"widget\" data-widget_type=\"heading.default\">\n\t\t\t\t\t<h2 class=\"elementor-heading-title elementor-size-default\">Head and Neck Surgery<\/h2>\t\t\t\t<\/div>\n\t\t\t\t\t<\/div>\n\t\t\t\t<\/div>\n\t\t<div class=\"elementor-element elementor-element-550aebc e-flex e-con-boxed e-con e-parent\" data-id=\"550aebc\" data-element_type=\"container\" data-e-type=\"container\" data-settings=\"{&quot;background_background&quot;:&quot;classic&quot;}\">\n\t\t\t\t\t<div class=\"e-con-inner\">\n\t\t<div class=\"elementor-element elementor-element-23764f3 e-con-full e-flex e-con e-child\" data-id=\"23764f3\" data-element_type=\"container\" data-e-type=\"container\">\n\t\t\t\t<div class=\"elementor-element elementor-element-c35f277 elementor-widget elementor-widget-image\" data-id=\"c35f277\" data-element_type=\"widget\" data-e-type=\"widget\" data-widget_type=\"image.default\">\n\t\t\t\t\t\t\t\t\t\t\t\t\t\t\t<img fetchpriority=\"high\" decoding=\"async\" width=\"2560\" height=\"2560\" src=\"https:\/\/www.drnurtenkucuk.com\/wp-content\/uploads\/2026\/02\/pexels-michelle-leman-6774275-scaled.jpg\" class=\"attachment-full size-full wp-image-3109\" alt=\"\" srcset=\"https:\/\/www.drnurtenkucuk.com\/wp-content\/uploads\/2026\/02\/pexels-michelle-leman-6774275-scaled.jpg 2560w, https:\/\/www.drnurtenkucuk.com\/wp-content\/uploads\/2026\/02\/pexels-michelle-leman-6774275-300x300.jpg 300w, https:\/\/www.drnurtenkucuk.com\/wp-content\/uploads\/2026\/02\/pexels-michelle-leman-6774275-1024x1024.jpg 1024w, https:\/\/www.drnurtenkucuk.com\/wp-content\/uploads\/2026\/02\/pexels-michelle-leman-6774275-150x150.jpg 150w, https:\/\/www.drnurtenkucuk.com\/wp-content\/uploads\/2026\/02\/pexels-michelle-leman-6774275-768x768.jpg 768w, https:\/\/www.drnurtenkucuk.com\/wp-content\/uploads\/2026\/02\/pexels-michelle-leman-6774275-1536x1536.jpg 1536w, https:\/\/www.drnurtenkucuk.com\/wp-content\/uploads\/2026\/02\/pexels-michelle-leman-6774275-2048x2048.jpg 2048w\" sizes=\"(max-width: 2560px) 100vw, 2560px\" \/>\t\t\t\t\t\t\t\t\t\t\t\t\t\t\t<\/div>\n\t\t\t\t<\/div>\n\t\t<div class=\"elementor-element elementor-element-9565eb4 e-con-full e-flex e-con e-child\" data-id=\"9565eb4\" data-element_type=\"container\" data-e-type=\"container\">\n\t\t\t\t<div class=\"elementor-element elementor-element-688912f elementor-widget elementor-widget-heading\" data-id=\"688912f\" data-element_type=\"widget\" data-e-type=\"widget\" data-widget_type=\"heading.default\">\n\t\t\t\t\t<h2 class=\"elementor-heading-title elementor-size-default\">Life-Saving, Advanced Technology and Aesthetic Solutions in Head and Neck Surgery<\/h2>\t\t\t\t<\/div>\n\t\t\t\t<div class=\"elementor-element elementor-element-2b34dc8 elementor-widget elementor-widget-heading\" data-id=\"2b34dc8\" data-element_type=\"widget\" data-e-type=\"widget\" data-widget_type=\"heading.default\">\n\t\t\t\t\t<h2 class=\"elementor-heading-title elementor-size-default\">Lumps appearing in the head and neck region, thyroid (goiter) disorders, or tumors affecting your vocal cords require highly specialized surgery.<\/h2>\t\t\t\t<\/div>\n\t\t\t\t<div class=\"elementor-element elementor-element-ec1184d elementor-widget elementor-widget-text-editor\" data-id=\"ec1184d\" data-element_type=\"widget\" data-e-type=\"widget\" data-widget_type=\"text-editor.default\">\n\t\t\t\t\t\t\t\t\t<p>In this complex and vital anatomy, we work with the most up-to-date oncological (cancer) surgery principles, nerve monitoring technologies, and aesthetic approaches instead of large, scarring incisions. Our goal is not only to flawlessly remove the disease from your body, but also to safely restore your health while preserving your voice, swallowing function, and the natural appearance of your face.<\/p>\t\t\t\t\t\t\t\t<\/div>\n\t\t\t\t<\/div>\n\t\t\t\t\t<\/div>\n\t\t\t\t<\/div>\n\t\t<div class=\"elementor-element elementor-element-4f602ed1 e-con-full e-flex e-con e-parent\" data-id=\"4f602ed1\" data-element_type=\"container\" data-e-type=\"container\" data-settings=\"{&quot;background_background&quot;:&quot;classic&quot;}\">\n\t\t<div class=\"elementor-element elementor-element-8ce003d e-con-full e-transform e-flex e-con e-child\" data-id=\"8ce003d\" data-element_type=\"container\" data-e-type=\"container\" data-settings=\"{&quot;_transform_translateY_effect_hover&quot;:{&quot;unit&quot;:&quot;px&quot;,&quot;size&quot;:-10,&quot;sizes&quot;:[]},&quot;_transform_translateX_effect_hover&quot;:{&quot;unit&quot;:&quot;px&quot;,&quot;size&quot;:&quot;&quot;,&quot;sizes&quot;:[]},&quot;_transform_translateX_effect_hover_tablet&quot;:{&quot;unit&quot;:&quot;px&quot;,&quot;size&quot;:&quot;&quot;,&quot;sizes&quot;:[]},&quot;_transform_translateX_effect_hover_mobile&quot;:{&quot;unit&quot;:&quot;px&quot;,&quot;size&quot;:&quot;&quot;,&quot;sizes&quot;:[]},&quot;_transform_translateY_effect_hover_tablet&quot;:{&quot;unit&quot;:&quot;px&quot;,&quot;size&quot;:&quot;&quot;,&quot;sizes&quot;:[]},&quot;_transform_translateY_effect_hover_mobile&quot;:{&quot;unit&quot;:&quot;px&quot;,&quot;size&quot;:&quot;&quot;,&quot;sizes&quot;:[]}}\">\n\t\t\t\t<div class=\"elementor-element elementor-element-241ae72 elementor-position-top elementor-widget elementor-widget-image-box\" data-id=\"241ae72\" data-element_type=\"widget\" data-e-type=\"widget\" data-widget_type=\"image-box.default\">\n\t\t\t\t\t<div class=\"elementor-image-box-wrapper\"><figure class=\"elementor-image-box-img\"><a href=\"https:\/\/www.drnurtenkucuk.com\/en\/tiroid-ve-paratiroid-cerrahisi\/\" tabindex=\"-1\"><img decoding=\"async\" width=\"262\" height=\"206\" src=\"https:\/\/www.drnurtenkucuk.com\/wp-content\/uploads\/2026\/02\/Gemini_Generated_Image_ooy9zgooy9zgooy9-Photoroom1.png\" class=\"attachment-full size-full wp-image-2379\" alt=\"\" \/><\/a><\/figure><div class=\"elementor-image-box-content\"><h3 class=\"elementor-image-box-title\"><a href=\"https:\/\/www.drnurtenkucuk.com\/en\/tiroid-ve-paratiroid-cerrahisi\/\">Thyroid and Parathyroid Surgery<\/a><\/h3><p class=\"elementor-image-box-description\">We completely eliminate the risk of &#039;voice loss,&#039; the biggest concern for our patients undergoing goiter and thyroid nodule surgery, by using advanced Nerve Monitoring technology. We remove suspected cancerous or excessively enlarged tissues using aesthetic surgical principles, ensuring a rapid recovery without leaving a noticeable scar on your neck.<\/p><\/div><\/div>\t\t\t\t<\/div>\n\t\t\t\t<\/div>\n\t\t<div class=\"elementor-element elementor-element-782dd50 e-con-full e-transform e-flex e-con e-child\" data-id=\"782dd50\" data-element_type=\"container\" data-e-type=\"container\" data-settings=\"{&quot;_transform_translateY_effect_hover&quot;:{&quot;unit&quot;:&quot;px&quot;,&quot;size&quot;:-10,&quot;sizes&quot;:[]},&quot;_transform_translateX_effect_hover&quot;:{&quot;unit&quot;:&quot;px&quot;,&quot;size&quot;:&quot;&quot;,&quot;sizes&quot;:[]},&quot;_transform_translateX_effect_hover_tablet&quot;:{&quot;unit&quot;:&quot;px&quot;,&quot;size&quot;:&quot;&quot;,&quot;sizes&quot;:[]},&quot;_transform_translateX_effect_hover_mobile&quot;:{&quot;unit&quot;:&quot;px&quot;,&quot;size&quot;:&quot;&quot;,&quot;sizes&quot;:[]},&quot;_transform_translateY_effect_hover_tablet&quot;:{&quot;unit&quot;:&quot;px&quot;,&quot;size&quot;:&quot;&quot;,&quot;sizes&quot;:[]},&quot;_transform_translateY_effect_hover_mobile&quot;:{&quot;unit&quot;:&quot;px&quot;,&quot;size&quot;:&quot;&quot;,&quot;sizes&quot;:[]}}\">\n\t\t\t\t<div class=\"elementor-element elementor-element-cf78562 elementor-position-top elementor-widget elementor-widget-image-box\" data-id=\"cf78562\" data-element_type=\"widget\" data-e-type=\"widget\" data-widget_type=\"image-box.default\">\n\t\t\t\t\t<div class=\"elementor-image-box-wrapper\"><figure class=\"elementor-image-box-img\"><a href=\"https:\/\/www.drnurtenkucuk.com\/en\/boyun-kitleleri-ve-lenf-bezi-cerrahisi\/\" tabindex=\"-1\"><img decoding=\"async\" width=\"227\" height=\"197\" src=\"https:\/\/www.drnurtenkucuk.com\/wp-content\/uploads\/2026\/02\/Gemini_Generated_Image_ooy9zgooy9zgooy9-Photoroom2.png\" class=\"attachment-full size-full wp-image-2380\" alt=\"\" \/><\/a><\/figure><div class=\"elementor-image-box-content\"><h3 class=\"elementor-image-box-title\"><a href=\"https:\/\/www.drnurtenkucuk.com\/en\/boyun-kitleleri-ve-lenf-bezi-cerrahisi\/\">Neck Masses and Lymph Node Surgery<\/a><\/h3><p class=\"elementor-image-box-description\">Swellings in the neck area that you notice and that haven&#039;t decreased for weeks can understandably cause you concern. At our clinic, we meticulously map and evaluate these masses to determine whether they are benign or malignant. During the surgical procedure, we remove the problematic tissue from the body with great care, without causing the slightest damage to surrounding nerves and blood vessels.<\/p><\/div><\/div>\t\t\t\t<\/div>\n\t\t\t\t<\/div>\n\t\t<div class=\"elementor-element elementor-element-1bd09f4f e-con-full e-transform e-flex e-con e-child\" data-id=\"1bd09f4f\" data-element_type=\"container\" data-e-type=\"container\" data-settings=\"{&quot;_transform_translateY_effect_hover&quot;:{&quot;unit&quot;:&quot;px&quot;,&quot;size&quot;:-10,&quot;sizes&quot;:[]},&quot;_transform_translateX_effect_hover&quot;:{&quot;unit&quot;:&quot;px&quot;,&quot;size&quot;:&quot;&quot;,&quot;sizes&quot;:[]},&quot;_transform_translateX_effect_hover_tablet&quot;:{&quot;unit&quot;:&quot;px&quot;,&quot;size&quot;:&quot;&quot;,&quot;sizes&quot;:[]},&quot;_transform_translateX_effect_hover_mobile&quot;:{&quot;unit&quot;:&quot;px&quot;,&quot;size&quot;:&quot;&quot;,&quot;sizes&quot;:[]},&quot;_transform_translateY_effect_hover_tablet&quot;:{&quot;unit&quot;:&quot;px&quot;,&quot;size&quot;:&quot;&quot;,&quot;sizes&quot;:[]},&quot;_transform_translateY_effect_hover_mobile&quot;:{&quot;unit&quot;:&quot;px&quot;,&quot;size&quot;:&quot;&quot;,&quot;sizes&quot;:[]}}\">\n\t\t\t\t<div class=\"elementor-element elementor-element-1a3fc569 elementor-position-top elementor-widget elementor-widget-image-box\" data-id=\"1a3fc569\" data-element_type=\"widget\" data-e-type=\"widget\" data-widget_type=\"image-box.default\">\n\t\t\t\t\t<div class=\"elementor-image-box-wrapper\"><figure class=\"elementor-image-box-img\"><a href=\"https:\/\/www.drnurtenkucuk.com\/en\/girtlak-larenks-kanseri-cerrahisi\/\" tabindex=\"-1\"><img loading=\"lazy\" decoding=\"async\" width=\"237\" height=\"206\" src=\"https:\/\/www.drnurtenkucuk.com\/wp-content\/uploads\/2026\/02\/Gemini_Generated_Image_ooy9zgooy9zgooy9-Photoroom3.png\" class=\"attachment-full size-full wp-image-2381\" alt=\"\" \/><\/a><\/figure><div class=\"elementor-image-box-content\"><h3 class=\"elementor-image-box-title\"><a href=\"https:\/\/www.drnurtenkucuk.com\/en\/girtlak-larenks-kanseri-cerrahisi\/\">Laryngeal Cancer Surgery<\/a><\/h3><p class=\"elementor-image-box-description\">Our fundamental philosophy in treating laryngeal cancer is not only to overcome the disease but also to preserve our patients&#039; speech and breathing functions. We utilize the latest medical approaches, employing modern laser technology in the early stages and specialized partial techniques in advanced stages, to help you navigate this challenging period without losing your voice.<\/p><\/div><\/div>\t\t\t\t<\/div>\n\t\t\t\t<\/div>\n\t\t\t\t<\/div>\n\t\t<div class=\"elementor-element elementor-element-1229c449 e-con-full e-flex e-con e-parent\" data-id=\"1229c449\" data-element_type=\"container\" data-e-type=\"container\" data-settings=\"{&quot;background_background&quot;:&quot;classic&quot;}\">\n\t\t<div class=\"elementor-element elementor-element-712f43f0 e-con-full e-transform e-flex e-con e-child\" data-id=\"712f43f0\" data-element_type=\"container\" data-e-type=\"container\" data-settings=\"{&quot;_transform_translateY_effect_hover&quot;:{&quot;unit&quot;:&quot;px&quot;,&quot;size&quot;:-10,&quot;sizes&quot;:[]},&quot;_transform_translateX_effect_hover&quot;:{&quot;unit&quot;:&quot;px&quot;,&quot;size&quot;:&quot;&quot;,&quot;sizes&quot;:[]},&quot;_transform_translateX_effect_hover_tablet&quot;:{&quot;unit&quot;:&quot;px&quot;,&quot;size&quot;:&quot;&quot;,&quot;sizes&quot;:[]},&quot;_transform_translateX_effect_hover_mobile&quot;:{&quot;unit&quot;:&quot;px&quot;,&quot;size&quot;:&quot;&quot;,&quot;sizes&quot;:[]},&quot;_transform_translateY_effect_hover_tablet&quot;:{&quot;unit&quot;:&quot;px&quot;,&quot;size&quot;:&quot;&quot;,&quot;sizes&quot;:[]},&quot;_transform_translateY_effect_hover_mobile&quot;:{&quot;unit&quot;:&quot;px&quot;,&quot;size&quot;:&quot;&quot;,&quot;sizes&quot;:[]}}\">\n\t\t\t\t<div class=\"elementor-element elementor-element-3a3bb006 elementor-position-top elementor-widget elementor-widget-image-box\" data-id=\"3a3bb006\" data-element_type=\"widget\" data-e-type=\"widget\" data-widget_type=\"image-box.default\">\n\t\t\t\t\t<div class=\"elementor-image-box-wrapper\"><figure class=\"elementor-image-box-img\"><a href=\"https:\/\/www.drnurtenkucuk.com\/en\/agiz-ici-dudak-ve-dil-tumorleri-cerrahisi\/\" tabindex=\"-1\"><img loading=\"lazy\" decoding=\"async\" width=\"187\" height=\"189\" src=\"https:\/\/www.drnurtenkucuk.com\/wp-content\/uploads\/2026\/02\/Gemini_Generated_Image_ooy9zgooy9zgooy9-Photoroom4.png\" class=\"attachment-full size-full wp-image-2382\" alt=\"\" \/><\/a><\/figure><div class=\"elementor-image-box-content\"><h3 class=\"elementor-image-box-title\"><a href=\"https:\/\/www.drnurtenkucuk.com\/en\/agiz-ici-dudak-ve-dil-tumorleri-cerrahisi\/\">Oral Tumor Surgery (for Tumors of the Intraoral Part of the Mouth, Lip, and Tongue)<\/a><\/h3><p class=\"elementor-image-box-description\">We completely remove non-healing oral ulcers and suspicious lesions with safe surgical margins. With our advanced aesthetic repair techniques, we preserve your speech and chewing functions, making it easier for you to return to your daily life comfortably.<\/p><\/div><\/div>\t\t\t\t<\/div>\n\t\t\t\t<\/div>\n\t\t<div class=\"elementor-element elementor-element-559e43b e-con-full e-transform e-flex e-con e-child\" data-id=\"559e43b\" data-element_type=\"container\" data-e-type=\"container\" data-settings=\"{&quot;_transform_translateY_effect_hover&quot;:{&quot;unit&quot;:&quot;px&quot;,&quot;size&quot;:-10,&quot;sizes&quot;:[]},&quot;_transform_translateX_effect_hover&quot;:{&quot;unit&quot;:&quot;px&quot;,&quot;size&quot;:&quot;&quot;,&quot;sizes&quot;:[]},&quot;_transform_translateX_effect_hover_tablet&quot;:{&quot;unit&quot;:&quot;px&quot;,&quot;size&quot;:&quot;&quot;,&quot;sizes&quot;:[]},&quot;_transform_translateX_effect_hover_mobile&quot;:{&quot;unit&quot;:&quot;px&quot;,&quot;size&quot;:&quot;&quot;,&quot;sizes&quot;:[]},&quot;_transform_translateY_effect_hover_tablet&quot;:{&quot;unit&quot;:&quot;px&quot;,&quot;size&quot;:&quot;&quot;,&quot;sizes&quot;:[]},&quot;_transform_translateY_effect_hover_mobile&quot;:{&quot;unit&quot;:&quot;px&quot;,&quot;size&quot;:&quot;&quot;,&quot;sizes&quot;:[]}}\">\n\t\t\t\t<div class=\"elementor-element elementor-element-53a02ab elementor-position-top elementor-widget elementor-widget-image-box\" data-id=\"53a02ab\" data-element_type=\"widget\" data-e-type=\"widget\" data-widget_type=\"image-box.default\">\n\t\t\t\t\t<div class=\"elementor-image-box-wrapper\"><figure class=\"elementor-image-box-img\"><a href=\"https:\/\/www.drnurtenkucuk.com\/en\/bas-ve-boyun-cilt-kanserleri-cerrahisi\/\" tabindex=\"-1\"><img loading=\"lazy\" decoding=\"async\" width=\"194\" height=\"205\" src=\"https:\/\/www.drnurtenkucuk.com\/wp-content\/uploads\/2026\/02\/Gemini_Generated_Image_ooy9zgooy9zgooy9-Photoroom5.png\" class=\"attachment-full size-full wp-image-2383\" alt=\"\" \/><\/a><\/figure><div class=\"elementor-image-box-content\"><h3 class=\"elementor-image-box-title\"><a href=\"https:\/\/www.drnurtenkucuk.com\/en\/bas-ve-boyun-cilt-kanserleri-cerrahisi\/\">Head and Neck Skin Cancer Surgery<\/a><\/h3><p class=\"elementor-image-box-description\">We remove non-healing skin cancers of the face or neck from the body using microsurgery, leaving no risky cells behind. With special tissue transfer techniques, we address your aesthetic concerns and create a natural look.<\/p><\/div><\/div>\t\t\t\t<\/div>\n\t\t\t\t<\/div>\n\t\t<div class=\"elementor-element elementor-element-6d043766 e-con-full e-transform e-flex e-con e-child\" data-id=\"6d043766\" data-element_type=\"container\" data-e-type=\"container\" data-settings=\"{&quot;_transform_translateY_effect_hover&quot;:{&quot;unit&quot;:&quot;px&quot;,&quot;size&quot;:-10,&quot;sizes&quot;:[]},&quot;_transform_translateX_effect_hover&quot;:{&quot;unit&quot;:&quot;px&quot;,&quot;size&quot;:&quot;&quot;,&quot;sizes&quot;:[]},&quot;_transform_translateX_effect_hover_tablet&quot;:{&quot;unit&quot;:&quot;px&quot;,&quot;size&quot;:&quot;&quot;,&quot;sizes&quot;:[]},&quot;_transform_translateX_effect_hover_mobile&quot;:{&quot;unit&quot;:&quot;px&quot;,&quot;size&quot;:&quot;&quot;,&quot;sizes&quot;:[]},&quot;_transform_translateY_effect_hover_tablet&quot;:{&quot;unit&quot;:&quot;px&quot;,&quot;size&quot;:&quot;&quot;,&quot;sizes&quot;:[]},&quot;_transform_translateY_effect_hover_mobile&quot;:{&quot;unit&quot;:&quot;px&quot;,&quot;size&quot;:&quot;&quot;,&quot;sizes&quot;:[]}}\">\n\t\t\t\t<div class=\"elementor-element elementor-element-7811ca7a elementor-position-top elementor-widget elementor-widget-image-box\" data-id=\"7811ca7a\" data-element_type=\"widget\" data-e-type=\"widget\" data-widget_type=\"image-box.default\">\n\t\t\t\t\t<div class=\"elementor-image-box-wrapper\"><figure class=\"elementor-image-box-img\"><a href=\"https:\/\/www.drnurtenkucuk.com\/en\/tukuruk-bezi-hastaliklari-ve-cerrahisi\/\" tabindex=\"-1\"><img loading=\"lazy\" decoding=\"async\" width=\"178\" height=\"197\" src=\"https:\/\/www.drnurtenkucuk.com\/wp-content\/uploads\/2026\/02\/Gemini_Generated_Image_ooy9zgooy9zgooy9-Photoroom6.png\" class=\"attachment-full size-full wp-image-2384\" alt=\"\" \/><\/a><\/figure><div class=\"elementor-image-box-content\"><h3 class=\"elementor-image-box-title\"><a href=\"https:\/\/www.drnurtenkucuk.com\/en\/tukuruk-bezi-hastaliklari-ve-cerrahisi\/\">Salivary Gland Tumor Surgery<\/a><\/h3><p class=\"elementor-image-box-description\">When removing submandibular and pre-auricular masses, we completely eliminate the risk of facial paralysis by using advanced nerve monitors. We perform the procedure through a facelift incision, skillfully concealing the surgical scar behind your hairline.<\/p><\/div><\/div>\t\t\t\t<\/div>\n\t\t\t\t<\/div>\n\t\t\t\t<\/div>\n\t\t<div class=\"elementor-element elementor-element-9dd5788 e-flex e-con-boxed e-con e-parent\" data-id=\"9dd5788\" data-element_type=\"container\" data-e-type=\"container\" data-settings=\"{&quot;background_background&quot;:&quot;classic&quot;}\">\n\t\t\t\t\t<div class=\"e-con-inner\">\n\t\t<div class=\"elementor-element elementor-element-18b8116 e-con-full e-flex e-con e-child\" data-id=\"18b8116\" data-element_type=\"container\" data-e-type=\"container\">\n\t\t\t\t<div class=\"elementor-element elementor-element-05556db elementor-widget elementor-widget-heading\" data-id=\"05556db\" data-element_type=\"widget\" data-e-type=\"widget\" data-widget_type=\"heading.default\">\n\t\t\t\t\t<h2 class=\"elementor-heading-title elementor-size-default\">Take the first step towards an accurate diagnosis and personalized treatment.<\/h2>\t\t\t\t<\/div>\n\t\t\t\t<div class=\"elementor-element elementor-element-6ee3ed1 elementor-widget elementor-widget-text-editor\" data-id=\"6ee3ed1\" data-element_type=\"widget\" data-e-type=\"widget\" data-widget_type=\"text-editor.default\">\n\t\t\t\t\t\t\t\t\t<p>For an initial consultation, examination, and personalized treatment plan, please contact us immediately.<\/p>\t\t\t\t\t\t\t\t<\/div>\n\t\t\t\t<\/div>\n\t\t<div class=\"elementor-element elementor-element-2fab370 e-con-full e-flex e-con e-child\" data-id=\"2fab370\" data-element_type=\"container\" data-e-type=\"container\">\n\t\t\t\t<div class=\"elementor-element elementor-element-e668d8c elementor-invisible elementor-widget elementor-widget-button\" data-id=\"e668d8c\" data-element_type=\"widget\" data-e-type=\"widget\" data-settings=\"{&quot;_animation&quot;:&quot;pulse&quot;}\" data-widget_type=\"button.default\">\n\t\t\t\t\t\t\t\t\t\t<a class=\"elementor-button elementor-button-link elementor-size-sm elementor-animation-shrink\" href=\"https:\/\/www.drnurtenkucuk.com\/en\/ileti%e1%b9%a3im\/\">\n\t\t\t\t\t\t<span class=\"elementor-button-content-wrapper\">\n\t\t\t\t\t\t\t\t\t<span class=\"elementor-button-text\">Book an Appointment<\/span>\n\t\t\t\t\t<\/span>\n\t\t\t\t\t<\/a>\n\t\t\t\t\t\t\t\t<\/div>\n\t\t\t\t<div class=\"elementor-element elementor-element-4ceadc9 elementor-invisible elementor-widget elementor-widget-button\" data-id=\"4ceadc9\" data-element_type=\"widget\" data-e-type=\"widget\" data-settings=\"{&quot;_animation&quot;:&quot;pulse&quot;}\" data-widget_type=\"button.default\">\n\t\t\t\t\t\t\t\t\t\t<a class=\"elementor-button elementor-button-link elementor-size-sm elementor-animation-shrink\" href=\"https:\/\/wa.me\/905058758548\" target=\"_blank\" rel=\"noopener\">\n\t\t\t\t\t\t<span class=\"elementor-button-content-wrapper\">\n\t\t\t\t\t\t<span class=\"elementor-button-icon\">\n\t\t\t\t<svg aria-hidden=\"true\" class=\"e-font-icon-svg e-fab-whatsapp\" viewbox=\"0 0 448 512\" xmlns=\"http:\/\/www.w3.org\/2000\/svg\"><path d=\"M380.9 97.1C339 55.1 283.2 32 223.9 32c-122.4 0-222 99.6-222 222 0 39.1 10.2 77.3 29.6 111L0 480l117.7-30.9c32.4 17.7 68.9 27 106.1 27h.1c122.3 0 224.1-99.6 224.1-222 0-59.3-25.2-115-67.1-157zm-157 341.6c-33.2 0-65.7-8.9-94-25.7l-6.7-4-69.8 18.3L72 359.2l-4.4-7c-18.5-29.4-28.2-63.3-28.2-98.2 0-101.7 82.8-184.5 184.6-184.5 49.3 0 95.6 19.2 130.4 54.1 34.8 34.9 56.2 81.2 56.1 130.5 0 101.8-84.9 184.6-186.6 184.6zm101.2-138.2c-5.5-2.8-32.8-16.2-37.9-18-5.1-1.9-8.8-2.8-12.5 2.8-3.7 5.6-14.3 18-17.6 21.8-3.2 3.7-6.5 4.2-12 1.4-32.6-16.3-54-29.1-75.5-66-5.7-9.8 5.7-9.1 16.3-30.3 1.8-3.7.9-6.9-.5-9.7-1.4-2.8-12.5-30.1-17.1-41.2-4.5-10.8-9.1-9.3-12.5-9.5-3.2-.2-6.9-.2-10.6-.2-3.7 0-9.7 1.4-14.8 6.9-5.1 5.6-19.4 19-19.4 46.3 0 27.3 19.9 53.7 22.6 57.4 2.8 3.7 39.1 59.7 94.8 83.8 35.2 15.2 49 16.5 66.6 13.9 10.7-1.6 32.8-13.4 37.4-26.4 4.6-13 4.6-24.1 3.2-26.4-1.3-2.5-5-3.9-10.5-6.6z\"><\/path><\/svg>\t\t\t<\/span>\n\t\t\t\t\t\t\t\t\t<span class=\"elementor-button-text\">Problems with WhatsApp<\/span>\n\t\t\t\t\t<\/span>\n\t\t\t\t\t<\/a>\n\t\t\t\t\t\t\t\t<\/div>\n\t\t\t\t<\/div>\n\t\t\t\t\t<\/div>\n\t\t\t\t<\/div>\n\t\t\t\t<\/div>","protected":false},"excerpt":{"rendered":"<p>Tiroid, g\u0131rtlak, t\u00fck\u00fcr\u00fck bezi ve boyun kitlelerinin tedavisinde; onkolojik prensiplerden \u00f6d\u00fcn vermeyen, fonksiyon ve esteti\u011fi koruyan ileri d\u00fczey cerrahi uzmanl\u0131k. Ba\u015f ve Boyun Cerrahisi Ba\u015f ve Boyun Cerrahisinde Hayat Kurtaran, \u0130leri Teknoloji ve Estetik \u00c7\u00f6z\u00fcmler Ba\u015f ve boyun b\u00f6lgesinde beliren kitleler, tiroid (guatr) rahats\u0131zl\u0131klar\u0131 veya ses tellerinizi etkileyen t\u00fcm\u00f6rler y\u00fcksek cerrahi uzmanl\u0131k gerektirir. Bu karma\u015f\u0131k&#8230;<\/p>","protected":false},"author":1,"featured_media":0,"parent":0,"menu_order":0,"comment_status":"closed","ping_status":"closed","template":"","meta":{"_kad_post_transparent":"","_kad_post_title":"hide","_kad_post_layout":"fullwidth","_kad_post_sidebar_id":"","_kad_post_content_style":"unboxed","_kad_post_vertical_padding":"hide","_kad_post_feature":"hide","_kad_post_feature_position":"","_kad_post_header":false,"_kad_post_footer":false,"_kad_post_classname":"","_joinchat":[],"footnotes":""},"class_list":["post-2372","page","type-page","status-publish","hentry"],"_links":{"self":[{"href":"https:\/\/www.drnurtenkucuk.com\/en\/wp-json\/wp\/v2\/pages\/2372","targetHints":{"allow":["GET"]}}],"collection":[{"href":"https:\/\/www.drnurtenkucuk.com\/en\/wp-json\/wp\/v2\/pages"}],"about":[{"href":"https:\/\/www.drnurtenkucuk.com\/en\/wp-json\/wp\/v2\/types\/page"}],"author":[{"embeddable":true,"href":"https:\/\/www.drnurtenkucuk.com\/en\/wp-json\/wp\/v2\/users\/1"}],"replies":[{"embeddable":true,"href":"https:\/\/www.drnurtenkucuk.com\/en\/wp-json\/wp\/v2\/comments?post=2372"}],"version-history":[{"count":43,"href":"https:\/\/www.drnurtenkucuk.com\/en\/wp-json\/wp\/v2\/pages\/2372\/revisions"}],"predecessor-version":[{"id":4076,"href":"https:\/\/www.drnurtenkucuk.com\/en\/wp-json\/wp\/v2\/pages\/2372\/revisions\/4076"}],"wp:attachment":[{"href":"https:\/\/www.drnurtenkucuk.com\/en\/wp-json\/wp\/v2\/media?parent=2372"}],"curies":[{"name":"wp","href":"https:\/\/api.w.org\/{rel}","templated":true}]}}