{"id":2141,"date":"2026-02-24T13:49:15","date_gmt":"2026-02-24T13:49:15","guid":{"rendered":"https:\/\/www.drnurtenkucuk.com\/?page_id=2141"},"modified":"2026-03-17T03:36:21","modified_gmt":"2026-03-17T03:36:21","slug":"horlama-ve-uyku-bozukluklari-2","status":"publish","type":"page","link":"https:\/\/www.drnurtenkucuk.com\/en\/horlama-ve-uyku-bozukluklari-2\/","title":{"rendered":"Snoring and Sleep Disorders"},"content":{"rendered":"<div data-elementor-type=\"wp-page\" data-elementor-id=\"2141\" class=\"elementor elementor-2141\">\n\t\t\t\t<div class=\"elementor-element elementor-element-d2807b9 e-flex e-con-boxed e-con e-parent\" data-id=\"d2807b9\" data-element_type=\"container\" data-e-type=\"container\" data-settings=\"{&quot;background_background&quot;:&quot;classic&quot;}\">\n\t\t\t\t\t<div class=\"e-con-inner\">\n\t\t\t\t<div class=\"elementor-element elementor-element-ef83bd4 elementor-widget__width-inherit elementor-widget elementor-widget-text-editor\" data-id=\"ef83bd4\" data-element_type=\"widget\" data-e-type=\"widget\" data-widget_type=\"text-editor.default\">\n\t\t\t\t\t\t\t\t\t<p>For quiet nights, uninterrupted sleep that doesn&#039;t strain the heart, and energetic mornings; advanced, personalized surgical solutions for snoring and sleep apnea treatment.<\/p>\t\t\t\t\t\t\t\t<\/div>\n\t\t\t\t<div class=\"elementor-element elementor-element-f70d138 elementor-widget elementor-widget-heading\" data-id=\"f70d138\" data-element_type=\"widget\" data-e-type=\"widget\" data-widget_type=\"heading.default\">\n\t\t\t\t\t<h2 class=\"elementor-heading-title elementor-size-default\">Snoring and Sleep Disorders<\/h2>\t\t\t\t<\/div>\n\t\t\t\t\t<\/div>\n\t\t\t\t<\/div>\n\t\t<div class=\"elementor-element elementor-element-550aebc e-flex e-con-boxed e-con e-parent\" data-id=\"550aebc\" data-element_type=\"container\" data-e-type=\"container\" data-settings=\"{&quot;background_background&quot;:&quot;classic&quot;}\">\n\t\t\t\t\t<div class=\"e-con-inner\">\n\t\t<div class=\"elementor-element elementor-element-23764f3 e-con-full e-flex e-con e-child\" data-id=\"23764f3\" data-element_type=\"container\" data-e-type=\"container\">\n\t\t\t\t<div class=\"elementor-element elementor-element-c35f277 elementor-widget elementor-widget-image\" data-id=\"c35f277\" data-element_type=\"widget\" data-e-type=\"widget\" data-widget_type=\"image.default\">\n\t\t\t\t\t\t\t\t\t\t\t\t\t\t\t<img fetchpriority=\"high\" decoding=\"async\" width=\"2560\" height=\"1440\" src=\"https:\/\/www.drnurtenkucuk.com\/wp-content\/uploads\/2026\/02\/dominic-sansotta-4VLaXg5ETdg-unsplash-scaled.webp\" class=\"attachment-full size-full wp-image-3047\" alt=\"\" srcset=\"https:\/\/www.drnurtenkucuk.com\/wp-content\/uploads\/2026\/02\/dominic-sansotta-4VLaXg5ETdg-unsplash-scaled.webp 2560w, https:\/\/www.drnurtenkucuk.com\/wp-content\/uploads\/2026\/02\/dominic-sansotta-4VLaXg5ETdg-unsplash-300x169.webp 300w, https:\/\/www.drnurtenkucuk.com\/wp-content\/uploads\/2026\/02\/dominic-sansotta-4VLaXg5ETdg-unsplash-1024x576.webp 1024w, https:\/\/www.drnurtenkucuk.com\/wp-content\/uploads\/2026\/02\/dominic-sansotta-4VLaXg5ETdg-unsplash-768x432.webp 768w, https:\/\/www.drnurtenkucuk.com\/wp-content\/uploads\/2026\/02\/dominic-sansotta-4VLaXg5ETdg-unsplash-1536x864.webp 1536w, https:\/\/www.drnurtenkucuk.com\/wp-content\/uploads\/2026\/02\/dominic-sansotta-4VLaXg5ETdg-unsplash-2048x1152.webp 2048w\" sizes=\"(max-width: 2560px) 100vw, 2560px\" \/>\t\t\t\t\t\t\t\t\t\t\t\t\t\t\t<\/div>\n\t\t\t\t<\/div>\n\t\t<div class=\"elementor-element elementor-element-9565eb4 e-con-full e-flex e-con e-child\" data-id=\"9565eb4\" data-element_type=\"container\" data-e-type=\"container\">\n\t\t\t\t<div class=\"elementor-element elementor-element-688912f elementor-widget elementor-widget-heading\" data-id=\"688912f\" data-element_type=\"widget\" data-e-type=\"widget\" data-widget_type=\"heading.default\">\n\t\t\t\t\t<h2 class=\"elementor-heading-title elementor-size-default\">Wake up to quiet nights and energetic mornings.<\/h2>\t\t\t\t<\/div>\n\t\t\t\t<div class=\"elementor-element elementor-element-2b34dc8 elementor-widget elementor-widget-heading\" data-id=\"2b34dc8\" data-element_type=\"widget\" data-e-type=\"widget\" data-widget_type=\"heading.default\">\n\t\t\t\t\t<h2 class=\"elementor-heading-title elementor-size-default\">Loud snoring that can be heard even from the next room, sudden sleep apnea episodes, and waking up feeling &#039;beaten up&#039; no matter how much you sleep...<\/h2>\t\t\t\t<\/div>\n\t\t\t\t<div class=\"elementor-element elementor-element-ec1184d elementor-widget elementor-widget-text-editor\" data-id=\"ec1184d\" data-element_type=\"widget\" data-e-type=\"widget\" data-widget_type=\"text-editor.default\">\n\t\t\t\t\t\t\t\t\t<p>Quality sleep is not a luxury, it&#039;s a vital need. We identify anatomical obstructions that disrupt your sleep quality using modern sleep endoscopy; and with radiofrequency and laser-assisted palate surgeries, we restore the quiet, uninterrupted, and healthy sleep you and your partner have been longing for.<\/p>\t\t\t\t\t\t\t\t<\/div>\n\t\t\t\t<\/div>\n\t\t\t\t\t<\/div>\n\t\t\t\t<\/div>\n\t\t<div class=\"elementor-element elementor-element-4f602ed1 e-con-full e-flex e-con e-parent\" data-id=\"4f602ed1\" data-element_type=\"container\" data-e-type=\"container\" data-settings=\"{&quot;background_background&quot;:&quot;classic&quot;}\">\n\t\t<div class=\"elementor-element elementor-element-8ce003d e-con-full e-transform e-flex e-con e-child\" data-id=\"8ce003d\" data-element_type=\"container\" data-e-type=\"container\" data-settings=\"{&quot;_transform_translateY_effect_hover&quot;:{&quot;unit&quot;:&quot;px&quot;,&quot;size&quot;:-10,&quot;sizes&quot;:[]},&quot;_transform_translateX_effect_hover&quot;:{&quot;unit&quot;:&quot;px&quot;,&quot;size&quot;:&quot;&quot;,&quot;sizes&quot;:[]},&quot;_transform_translateX_effect_hover_tablet&quot;:{&quot;unit&quot;:&quot;px&quot;,&quot;size&quot;:&quot;&quot;,&quot;sizes&quot;:[]},&quot;_transform_translateX_effect_hover_mobile&quot;:{&quot;unit&quot;:&quot;px&quot;,&quot;size&quot;:&quot;&quot;,&quot;sizes&quot;:[]},&quot;_transform_translateY_effect_hover_tablet&quot;:{&quot;unit&quot;:&quot;px&quot;,&quot;size&quot;:&quot;&quot;,&quot;sizes&quot;:[]},&quot;_transform_translateY_effect_hover_mobile&quot;:{&quot;unit&quot;:&quot;px&quot;,&quot;size&quot;:&quot;&quot;,&quot;sizes&quot;:[]}}\">\n\t\t\t\t<div class=\"elementor-element elementor-element-241ae72 elementor-position-top elementor-widget elementor-widget-image-box\" data-id=\"241ae72\" data-element_type=\"widget\" data-e-type=\"widget\" data-widget_type=\"image-box.default\">\n\t\t\t\t\t<div class=\"elementor-image-box-wrapper\"><figure class=\"elementor-image-box-img\"><a href=\"https:\/\/www.drnurtenkucuk.com\/en\/basit-horlama-tedavisi\/\" tabindex=\"-1\"><img decoding=\"async\" width=\"226\" height=\"200\" src=\"https:\/\/www.drnurtenkucuk.com\/wp-content\/uploads\/2026\/02\/Gemini_Generated_Image_iqqaysiqqaysiqqa-Photoroom1.png\" class=\"attachment-full size-full wp-image-2161\" alt=\"\" \/><\/a><\/figure><div class=\"elementor-image-box-content\"><h3 class=\"elementor-image-box-title\"><a href=\"https:\/\/www.drnurtenkucuk.com\/en\/basit-horlama-tedavisi\/\">Simple Snoring Treatment<\/a><\/h3><p class=\"elementor-image-box-description\">We solve the problem of noisy snoring, which creates distance between you and your spouse and reduces your sleep quality, with radiofrequency technology. By gently tightening sagging palate tissues, we give you and your loved ones the gift of quiet, peaceful, and uninterrupted nights.<\/p><\/div><\/div>\t\t\t\t<\/div>\n\t\t\t\t<\/div>\n\t\t<div class=\"elementor-element elementor-element-782dd50 e-con-full e-transform e-flex e-con e-child\" data-id=\"782dd50\" data-element_type=\"container\" data-e-type=\"container\" data-settings=\"{&quot;_transform_translateY_effect_hover&quot;:{&quot;unit&quot;:&quot;px&quot;,&quot;size&quot;:-10,&quot;sizes&quot;:[]},&quot;_transform_translateX_effect_hover&quot;:{&quot;unit&quot;:&quot;px&quot;,&quot;size&quot;:&quot;&quot;,&quot;sizes&quot;:[]},&quot;_transform_translateX_effect_hover_tablet&quot;:{&quot;unit&quot;:&quot;px&quot;,&quot;size&quot;:&quot;&quot;,&quot;sizes&quot;:[]},&quot;_transform_translateX_effect_hover_mobile&quot;:{&quot;unit&quot;:&quot;px&quot;,&quot;size&quot;:&quot;&quot;,&quot;sizes&quot;:[]},&quot;_transform_translateY_effect_hover_tablet&quot;:{&quot;unit&quot;:&quot;px&quot;,&quot;size&quot;:&quot;&quot;,&quot;sizes&quot;:[]},&quot;_transform_translateY_effect_hover_mobile&quot;:{&quot;unit&quot;:&quot;px&quot;,&quot;size&quot;:&quot;&quot;,&quot;sizes&quot;:[]}}\">\n\t\t\t\t<div class=\"elementor-element elementor-element-cf78562 elementor-position-top elementor-widget elementor-widget-image-box\" data-id=\"cf78562\" data-element_type=\"widget\" data-e-type=\"widget\" data-widget_type=\"image-box.default\">\n\t\t\t\t\t<div class=\"elementor-image-box-wrapper\"><figure class=\"elementor-image-box-img\"><a href=\"https:\/\/www.drnurtenkucuk.com\/en\/tikayici-uyku-apnesi-osas-cerrahisi\/\" tabindex=\"-1\"><img decoding=\"async\" width=\"210\" height=\"205\" src=\"https:\/\/www.drnurtenkucuk.com\/wp-content\/uploads\/2026\/02\/Gemini_Generated_Image_iqqaysiqqaysiqqa-Photoroom2.png\" class=\"attachment-full size-full wp-image-2160\" alt=\"\" \/><\/a><\/figure><div class=\"elementor-image-box-content\"><h3 class=\"elementor-image-box-title\"><a href=\"https:\/\/www.drnurtenkucuk.com\/en\/tikayici-uyku-apnesi-osas-cerrahisi\/\">Obstructive Sleep Apnea (OSAS) Surgery<\/a><\/h3><p class=\"elementor-image-box-description\">Sleep apnea and the resulting heart fatigue are serious health problems that insidiously wear down your body. With this surgical procedure, in which we permanently widen your airways, we eliminate life-threatening risks and ensure you wake up in the mornings without headaches, feeling completely rested and refreshed.<\/p><\/div><\/div>\t\t\t\t<\/div>\n\t\t\t\t<\/div>\n\t\t<div class=\"elementor-element elementor-element-738c607 e-con-full e-transform e-flex e-con e-child\" data-id=\"738c607\" data-element_type=\"container\" data-e-type=\"container\" data-settings=\"{&quot;_transform_translateY_effect_hover&quot;:{&quot;unit&quot;:&quot;px&quot;,&quot;size&quot;:-10,&quot;sizes&quot;:[]},&quot;_transform_translateX_effect_hover&quot;:{&quot;unit&quot;:&quot;px&quot;,&quot;size&quot;:&quot;&quot;,&quot;sizes&quot;:[]},&quot;_transform_translateX_effect_hover_tablet&quot;:{&quot;unit&quot;:&quot;px&quot;,&quot;size&quot;:&quot;&quot;,&quot;sizes&quot;:[]},&quot;_transform_translateX_effect_hover_mobile&quot;:{&quot;unit&quot;:&quot;px&quot;,&quot;size&quot;:&quot;&quot;,&quot;sizes&quot;:[]},&quot;_transform_translateY_effect_hover_tablet&quot;:{&quot;unit&quot;:&quot;px&quot;,&quot;size&quot;:&quot;&quot;,&quot;sizes&quot;:[]},&quot;_transform_translateY_effect_hover_mobile&quot;:{&quot;unit&quot;:&quot;px&quot;,&quot;size&quot;:&quot;&quot;,&quot;sizes&quot;:[]}}\">\n\t\t\t\t<div class=\"elementor-element elementor-element-924b8a4 elementor-position-top elementor-widget elementor-widget-image-box\" data-id=\"924b8a4\" data-element_type=\"widget\" data-e-type=\"widget\" data-widget_type=\"image-box.default\">\n\t\t\t\t\t<div class=\"elementor-image-box-wrapper\"><figure class=\"elementor-image-box-img\"><a href=\"https:\/\/www.drnurtenkucuk.com\/en\/yumusak-damak-ve-kucuk-dil-cerrahisi-uppp\/\" tabindex=\"-1\"><img loading=\"lazy\" decoding=\"async\" width=\"170\" height=\"211\" src=\"https:\/\/www.drnurtenkucuk.com\/wp-content\/uploads\/2026\/02\/Gemini_Generated_Image_iqqaysiqqaysiqqa-Photoroom3.png\" class=\"attachment-full size-full wp-image-2164\" alt=\"\" \/><\/a><\/figure><div class=\"elementor-image-box-content\"><h3 class=\"elementor-image-box-title\"><a href=\"https:\/\/www.drnurtenkucuk.com\/en\/yumusak-damak-ve-kucuk-dil-cerrahisi-uppp\/\">Soft Palate and Uvula Surgery (UPPP)<\/a><\/h3><p class=\"elementor-image-box-description\">We reshape the sagging uvula and loosened palate tissues, which act like a plug in your airway, using specialized techniques. This tissue tightening procedure maximizes airflow, allowing you to permanently say goodbye to sleep apnea and snoring.<\/p><\/div><\/div>\t\t\t\t<\/div>\n\t\t\t\t<\/div>\n\t\t\t\t<\/div>\n\t\t<div class=\"elementor-element elementor-element-bf4ea02 e-con-full e-flex e-con e-parent\" data-id=\"bf4ea02\" data-element_type=\"container\" data-e-type=\"container\" data-settings=\"{&quot;background_background&quot;:&quot;classic&quot;}\">\n\t\t<div class=\"elementor-element elementor-element-a16f61a e-con-full e-transform e-flex e-con e-child\" data-id=\"a16f61a\" data-element_type=\"container\" data-e-type=\"container\" data-settings=\"{&quot;_transform_translateY_effect_hover&quot;:{&quot;unit&quot;:&quot;px&quot;,&quot;size&quot;:-10,&quot;sizes&quot;:[]},&quot;_transform_translateX_effect_hover&quot;:{&quot;unit&quot;:&quot;px&quot;,&quot;size&quot;:&quot;&quot;,&quot;sizes&quot;:[]},&quot;_transform_translateX_effect_hover_tablet&quot;:{&quot;unit&quot;:&quot;px&quot;,&quot;size&quot;:&quot;&quot;,&quot;sizes&quot;:[]},&quot;_transform_translateX_effect_hover_mobile&quot;:{&quot;unit&quot;:&quot;px&quot;,&quot;size&quot;:&quot;&quot;,&quot;sizes&quot;:[]},&quot;_transform_translateY_effect_hover_tablet&quot;:{&quot;unit&quot;:&quot;px&quot;,&quot;size&quot;:&quot;&quot;,&quot;sizes&quot;:[]},&quot;_transform_translateY_effect_hover_mobile&quot;:{&quot;unit&quot;:&quot;px&quot;,&quot;size&quot;:&quot;&quot;,&quot;sizes&quot;:[]}}\">\n\t\t\t\t<div class=\"elementor-element elementor-element-cff0ca7 elementor-position-top elementor-widget elementor-widget-image-box\" data-id=\"cff0ca7\" data-element_type=\"widget\" data-e-type=\"widget\" data-widget_type=\"image-box.default\">\n\t\t\t\t\t<div class=\"elementor-image-box-wrapper\"><figure class=\"elementor-image-box-img\"><a href=\"https:\/\/www.drnurtenkucuk.com\/en\/radyofrekans-ile-damak-dil-koku-kucultme\/\" tabindex=\"-1\"><img loading=\"lazy\" decoding=\"async\" width=\"195\" height=\"206\" src=\"https:\/\/www.drnurtenkucuk.com\/wp-content\/uploads\/2026\/02\/Gemini_Generated_Image_iqqaysiqqaysiqqa-Photoroom4.png\" class=\"attachment-full size-full wp-image-2163\" alt=\"\" \/><\/a><\/figure><div class=\"elementor-image-box-content\"><h3 class=\"elementor-image-box-title\"><a href=\"https:\/\/www.drnurtenkucuk.com\/en\/radyofrekans-ile-damak-dil-koku-kucultme\/\">Radiofrequency Palate\/Tongue Base Reduction<\/a><\/h3><p class=\"elementor-image-box-description\">We treat thick palate tissue and a large base of the tongue, which narrow your airway during sleep, using radiofrequency energy without the need for surgery. This modern method safely shrinks the tissues from the inside, minimizing the risk of bleeding and pain, and allowing you to return to comfortable breathing nights with a very rapid recovery process.<\/p><\/div><\/div>\t\t\t\t<\/div>\n\t\t\t\t<\/div>\n\t\t<div class=\"elementor-element elementor-element-555b65a e-con-full e-transform e-flex e-con e-child\" data-id=\"555b65a\" data-element_type=\"container\" data-e-type=\"container\" data-settings=\"{&quot;_transform_translateY_effect_hover&quot;:{&quot;unit&quot;:&quot;px&quot;,&quot;size&quot;:-10,&quot;sizes&quot;:[]},&quot;_transform_translateX_effect_hover&quot;:{&quot;unit&quot;:&quot;px&quot;,&quot;size&quot;:&quot;&quot;,&quot;sizes&quot;:[]},&quot;_transform_translateX_effect_hover_tablet&quot;:{&quot;unit&quot;:&quot;px&quot;,&quot;size&quot;:&quot;&quot;,&quot;sizes&quot;:[]},&quot;_transform_translateX_effect_hover_mobile&quot;:{&quot;unit&quot;:&quot;px&quot;,&quot;size&quot;:&quot;&quot;,&quot;sizes&quot;:[]},&quot;_transform_translateY_effect_hover_tablet&quot;:{&quot;unit&quot;:&quot;px&quot;,&quot;size&quot;:&quot;&quot;,&quot;sizes&quot;:[]},&quot;_transform_translateY_effect_hover_mobile&quot;:{&quot;unit&quot;:&quot;px&quot;,&quot;size&quot;:&quot;&quot;,&quot;sizes&quot;:[]}}\">\n\t\t\t\t<div class=\"elementor-element elementor-element-d107e51 elementor-position-top elementor-widget elementor-widget-image-box\" data-id=\"d107e51\" data-element_type=\"widget\" data-e-type=\"widget\" data-widget_type=\"image-box.default\">\n\t\t\t\t\t<div class=\"elementor-image-box-wrapper\"><figure class=\"elementor-image-box-img\"><a href=\"https:\/\/www.drnurtenkucuk.com\/en\/cpap-uyku-maskesi-kullanicilari-icin-rahatlatici-cerrahiler\/\" tabindex=\"-1\"><img loading=\"lazy\" decoding=\"async\" width=\"229\" height=\"202\" src=\"https:\/\/www.drnurtenkucuk.com\/wp-content\/uploads\/2026\/02\/Gemini_Generated_Image_iqqaysiqqaysiqqa-Photoroom5.png\" class=\"attachment-full size-full wp-image-2162\" alt=\"\" \/><\/a><\/figure><div class=\"elementor-image-box-content\"><h3 class=\"elementor-image-box-title\"><a href=\"https:\/\/www.drnurtenkucuk.com\/en\/cpap-uyku-maskesi-kullanicilari-icin-rahatlatici-cerrahiler\/\">Relief Surgeries for CPAP (Sleep Mask) Users<\/a><\/h3><p class=\"elementor-image-box-description\">We offer permanent solutions to the suffocation sensation and sleep apnea (CPAP) device compatibility problems caused by high pressure. By surgically opening anatomical narrowings in your nose and throat, we enable you to use your device comfortably at a much lower, tolerable, and comfortable pressure.<\/p><\/div><\/div>\t\t\t\t<\/div>\n\t\t\t\t<\/div>\n\t\t\t\t<\/div>\n\t\t<div class=\"elementor-element elementor-element-9dd5788 e-flex e-con-boxed e-con e-parent\" data-id=\"9dd5788\" data-element_type=\"container\" data-e-type=\"container\" data-settings=\"{&quot;background_background&quot;:&quot;classic&quot;}\">\n\t\t\t\t\t<div class=\"e-con-inner\">\n\t\t<div class=\"elementor-element elementor-element-18b8116 e-con-full e-flex e-con e-child\" data-id=\"18b8116\" data-element_type=\"container\" data-e-type=\"container\">\n\t\t\t\t<div class=\"elementor-element elementor-element-05556db elementor-widget elementor-widget-heading\" data-id=\"05556db\" data-element_type=\"widget\" data-e-type=\"widget\" data-widget_type=\"heading.default\">\n\t\t\t\t\t<h2 class=\"elementor-heading-title elementor-size-default\">Take the first step towards an accurate diagnosis and personalized treatment.<\/h2>\t\t\t\t<\/div>\n\t\t\t\t<div class=\"elementor-element elementor-element-6ee3ed1 elementor-widget elementor-widget-text-editor\" data-id=\"6ee3ed1\" data-element_type=\"widget\" data-e-type=\"widget\" data-widget_type=\"text-editor.default\">\n\t\t\t\t\t\t\t\t\t<p>For an initial consultation, examination, and personalized treatment plan, please contact us immediately.<\/p>\t\t\t\t\t\t\t\t<\/div>\n\t\t\t\t<\/div>\n\t\t<div class=\"elementor-element elementor-element-2fab370 e-con-full e-flex e-con e-child\" data-id=\"2fab370\" data-element_type=\"container\" data-e-type=\"container\">\n\t\t\t\t<div class=\"elementor-element elementor-element-e668d8c elementor-invisible elementor-widget elementor-widget-button\" data-id=\"e668d8c\" data-element_type=\"widget\" data-e-type=\"widget\" data-settings=\"{&quot;_animation&quot;:&quot;pulse&quot;}\" data-widget_type=\"button.default\">\n\t\t\t\t\t\t\t\t\t\t<a class=\"elementor-button elementor-button-link elementor-size-sm elementor-animation-shrink\" href=\"https:\/\/www.drnurtenkucuk.com\/en\/ileti%e1%b9%a3im\/\">\n\t\t\t\t\t\t<span class=\"elementor-button-content-wrapper\">\n\t\t\t\t\t\t\t\t\t<span class=\"elementor-button-text\">Book an Appointment<\/span>\n\t\t\t\t\t<\/span>\n\t\t\t\t\t<\/a>\n\t\t\t\t\t\t\t\t<\/div>\n\t\t\t\t<div class=\"elementor-element elementor-element-4ceadc9 elementor-invisible elementor-widget elementor-widget-button\" data-id=\"4ceadc9\" data-element_type=\"widget\" data-e-type=\"widget\" data-settings=\"{&quot;_animation&quot;:&quot;pulse&quot;}\" data-widget_type=\"button.default\">\n\t\t\t\t\t\t\t\t\t\t<a class=\"elementor-button elementor-button-link elementor-size-sm elementor-animation-shrink\" href=\"https:\/\/wa.me\/905058758548\" target=\"_blank\" rel=\"noopener\">\n\t\t\t\t\t\t<span class=\"elementor-button-content-wrapper\">\n\t\t\t\t\t\t<span class=\"elementor-button-icon\">\n\t\t\t\t<svg aria-hidden=\"true\" class=\"e-font-icon-svg e-fab-whatsapp\" viewbox=\"0 0 448 512\" xmlns=\"http:\/\/www.w3.org\/2000\/svg\"><path d=\"M380.9 97.1C339 55.1 283.2 32 223.9 32c-122.4 0-222 99.6-222 222 0 39.1 10.2 77.3 29.6 111L0 480l117.7-30.9c32.4 17.7 68.9 27 106.1 27h.1c122.3 0 224.1-99.6 224.1-222 0-59.3-25.2-115-67.1-157zm-157 341.6c-33.2 0-65.7-8.9-94-25.7l-6.7-4-69.8 18.3L72 359.2l-4.4-7c-18.5-29.4-28.2-63.3-28.2-98.2 0-101.7 82.8-184.5 184.6-184.5 49.3 0 95.6 19.2 130.4 54.1 34.8 34.9 56.2 81.2 56.1 130.5 0 101.8-84.9 184.6-186.6 184.6zm101.2-138.2c-5.5-2.8-32.8-16.2-37.9-18-5.1-1.9-8.8-2.8-12.5 2.8-3.7 5.6-14.3 18-17.6 21.8-3.2 3.7-6.5 4.2-12 1.4-32.6-16.3-54-29.1-75.5-66-5.7-9.8 5.7-9.1 16.3-30.3 1.8-3.7.9-6.9-.5-9.7-1.4-2.8-12.5-30.1-17.1-41.2-4.5-10.8-9.1-9.3-12.5-9.5-3.2-.2-6.9-.2-10.6-.2-3.7 0-9.7 1.4-14.8 6.9-5.1 5.6-19.4 19-19.4 46.3 0 27.3 19.9 53.7 22.6 57.4 2.8 3.7 39.1 59.7 94.8 83.8 35.2 15.2 49 16.5 66.6 13.9 10.7-1.6 32.8-13.4 37.4-26.4 4.6-13 4.6-24.1 3.2-26.4-1.3-2.5-5-3.9-10.5-6.6z\"><\/path><\/svg>\t\t\t<\/span>\n\t\t\t\t\t\t\t\t\t<span class=\"elementor-button-text\">Problems with WhatsApp<\/span>\n\t\t\t\t\t<\/span>\n\t\t\t\t\t<\/a>\n\t\t\t\t\t\t\t\t<\/div>\n\t\t\t\t<\/div>\n\t\t\t\t\t<\/div>\n\t\t\t\t<\/div>\n\t\t\t\t<\/div>","protected":false},"excerpt":{"rendered":"<p>Sessiz geceler, kalbi yormayan deliksiz uykular ve enerjik sabahlar i\u00e7in; horlama ve uyku apnesi tedavisinde ileri teknolojiye dayal\u0131, ki\u015fiye \u00f6zel cerrahi \u00e7\u00f6z\u00fcmler. Horlama ve Uyku Bozukluklar\u0131 Sessiz Geceler ve Enerjik Sabahlara Uyan\u0131n Yan odadan bile duyulan g\u00fcr\u00fclt\u00fcl\u00fc horlamalar, uykuda aniden kesilen nefes (apne) krizleri ve ne kadar uyursan\u0131z uyuyun sabahlar\u0131 &#8216;dayak yemi\u015f gibi&#8217; yorgun uyanma&#8230;<\/p>","protected":false},"author":1,"featured_media":0,"parent":0,"menu_order":0,"comment_status":"closed","ping_status":"closed","template":"","meta":{"_kad_post_transparent":"","_kad_post_title":"hide","_kad_post_layout":"fullwidth","_kad_post_sidebar_id":"","_kad_post_content_style":"unboxed","_kad_post_vertical_padding":"hide","_kad_post_feature":"hide","_kad_post_feature_position":"","_kad_post_header":false,"_kad_post_footer":false,"_kad_post_classname":"","_joinchat":[],"footnotes":""},"class_list":["post-2141","page","type-page","status-publish","hentry"],"_links":{"self":[{"href":"https:\/\/www.drnurtenkucuk.com\/en\/wp-json\/wp\/v2\/pages\/2141","targetHints":{"allow":["GET"]}}],"collection":[{"href":"https:\/\/www.drnurtenkucuk.com\/en\/wp-json\/wp\/v2\/pages"}],"about":[{"href":"https:\/\/www.drnurtenkucuk.com\/en\/wp-json\/wp\/v2\/types\/page"}],"author":[{"embeddable":true,"href":"https:\/\/www.drnurtenkucuk.com\/en\/wp-json\/wp\/v2\/users\/1"}],"replies":[{"embeddable":true,"href":"https:\/\/www.drnurtenkucuk.com\/en\/wp-json\/wp\/v2\/comments?post=2141"}],"version-history":[{"count":67,"href":"https:\/\/www.drnurtenkucuk.com\/en\/wp-json\/wp\/v2\/pages\/2141\/revisions"}],"predecessor-version":[{"id":4064,"href":"https:\/\/www.drnurtenkucuk.com\/en\/wp-json\/wp\/v2\/pages\/2141\/revisions\/4064"}],"wp:attachment":[{"href":"https:\/\/www.drnurtenkucuk.com\/en\/wp-json\/wp\/v2\/media?parent=2141"}],"curies":[{"name":"wp","href":"https:\/\/api.w.org\/{rel}","templated":true}]}}