{"id":327,"date":"2026-02-12T12:13:52","date_gmt":"2026-02-12T12:13:52","guid":{"rendered":"https:\/\/www.drnurtenkucuk.com\/?page_id=327"},"modified":"2026-02-28T09:46:24","modified_gmt":"2026-02-28T09:46:24","slug":"hizmetlerimiz","status":"publish","type":"page","link":"http:\/\/www.drnurtenkucuk.com\/en\/hizmetlerimiz\/","title":{"rendered":"Our Services"},"content":{"rendered":"<div data-elementor-type=\"wp-page\" data-elementor-id=\"327\" class=\"elementor elementor-327\">\n\t\t\t\t<div class=\"elementor-element elementor-element-d2807b9 e-flex e-con-boxed e-con e-parent\" data-id=\"d2807b9\" data-element_type=\"container\" data-e-type=\"container\" data-settings=\"{&quot;background_background&quot;:&quot;classic&quot;}\">\n\t\t\t\t\t<div class=\"e-con-inner\">\n\t\t\t\t<div class=\"elementor-element elementor-element-f70d138 elementor-widget elementor-widget-heading\" data-id=\"f70d138\" data-element_type=\"widget\" data-e-type=\"widget\" data-widget_type=\"heading.default\">\n\t\t\t\t\t<h2 class=\"elementor-heading-title elementor-size-default\">Our Services<\/h2>\t\t\t\t<\/div>\n\t\t\t\t\t<\/div>\n\t\t\t\t<\/div>\n\t\t<div class=\"elementor-element elementor-element-4f602ed1 e-con-full e-flex e-con e-parent\" data-id=\"4f602ed1\" data-element_type=\"container\" data-e-type=\"container\" data-settings=\"{&quot;background_background&quot;:&quot;classic&quot;}\">\n\t\t<div class=\"elementor-element elementor-element-fe885b8 e-con-full e-flex e-con e-child\" data-id=\"fe885b8\" data-element_type=\"container\" data-e-type=\"container\" data-settings=\"{&quot;background_background&quot;:&quot;classic&quot;}\">\n\t\t<div class=\"elementor-element elementor-element-4019842 e-con-full e-transform e-flex e-con e-child\" data-id=\"4019842\" data-element_type=\"container\" data-e-type=\"container\" data-settings=\"{&quot;_transform_translateY_effect_hover&quot;:{&quot;unit&quot;:&quot;px&quot;,&quot;size&quot;:-10,&quot;sizes&quot;:[]},&quot;_transform_translateX_effect_hover&quot;:{&quot;unit&quot;:&quot;px&quot;,&quot;size&quot;:&quot;&quot;,&quot;sizes&quot;:[]},&quot;_transform_translateX_effect_hover_tablet&quot;:{&quot;unit&quot;:&quot;px&quot;,&quot;size&quot;:&quot;&quot;,&quot;sizes&quot;:[]},&quot;_transform_translateX_effect_hover_mobile&quot;:{&quot;unit&quot;:&quot;px&quot;,&quot;size&quot;:&quot;&quot;,&quot;sizes&quot;:[]},&quot;_transform_translateY_effect_hover_tablet&quot;:{&quot;unit&quot;:&quot;px&quot;,&quot;size&quot;:&quot;&quot;,&quot;sizes&quot;:[]},&quot;_transform_translateY_effect_hover_mobile&quot;:{&quot;unit&quot;:&quot;px&quot;,&quot;size&quot;:&quot;&quot;,&quot;sizes&quot;:[]}}\">\n\t\t\t\t<div class=\"elementor-element elementor-element-00e818e elementor-position-top elementor-widget elementor-widget-image-box\" data-id=\"00e818e\" data-element_type=\"widget\" data-e-type=\"widget\" data-settings=\"{&quot;_animation&quot;:&quot;none&quot;}\" data-widget_type=\"image-box.default\">\n\t\t\t\t\t<div class=\"elementor-image-box-wrapper\"><figure class=\"elementor-image-box-img\"><a href=\"https:\/\/www.drnurtenkucuk.com\/en\/burun-ve-yuz-estetigi\/\" tabindex=\"-1\"><img fetchpriority=\"high\" decoding=\"async\" width=\"270\" height=\"210\" src=\"https:\/\/www.drnurtenkucuk.com\/wp-content\/uploads\/2026\/02\/Gemini_Generated_Image_lwdvz1lwdvz1lwdv-Photoroom2.png\" class=\"attachment-full size-full wp-image-1320\" alt=\"\" \/><\/a><\/figure><div class=\"elementor-image-box-content\"><h3 class=\"elementor-image-box-title\"><a href=\"https:\/\/www.drnurtenkucuk.com\/en\/burun-ve-yuz-estetigi\/\">Nose and Facial Aesthetics<\/a><\/h3><p class=\"elementor-image-box-description\">Designed to achieve the golden ratio in your face and promote healthy breathing; personalized aesthetic and functional surgical procedures that prioritize naturalness.<\/p><\/div><\/div>\t\t\t\t<\/div>\n\t\t\t\t<\/div>\n\t\t<div class=\"elementor-element elementor-element-ad1b0b4 e-con-full e-transform e-flex e-con e-child\" data-id=\"ad1b0b4\" data-element_type=\"container\" data-e-type=\"container\" data-settings=\"{&quot;_transform_translateY_effect_hover&quot;:{&quot;unit&quot;:&quot;px&quot;,&quot;size&quot;:-10,&quot;sizes&quot;:[]},&quot;_transform_translateX_effect_hover&quot;:{&quot;unit&quot;:&quot;px&quot;,&quot;size&quot;:&quot;&quot;,&quot;sizes&quot;:[]},&quot;_transform_translateX_effect_hover_tablet&quot;:{&quot;unit&quot;:&quot;px&quot;,&quot;size&quot;:&quot;&quot;,&quot;sizes&quot;:[]},&quot;_transform_translateX_effect_hover_mobile&quot;:{&quot;unit&quot;:&quot;px&quot;,&quot;size&quot;:&quot;&quot;,&quot;sizes&quot;:[]},&quot;_transform_translateY_effect_hover_tablet&quot;:{&quot;unit&quot;:&quot;px&quot;,&quot;size&quot;:&quot;&quot;,&quot;sizes&quot;:[]},&quot;_transform_translateY_effect_hover_mobile&quot;:{&quot;unit&quot;:&quot;px&quot;,&quot;size&quot;:&quot;&quot;,&quot;sizes&quot;:[]}}\">\n\t\t\t\t<div class=\"elementor-element elementor-element-602ae2f elementor-position-top elementor-widget elementor-widget-image-box\" data-id=\"602ae2f\" data-element_type=\"widget\" data-e-type=\"widget\" data-widget_type=\"image-box.default\">\n\t\t\t\t\t<div class=\"elementor-image-box-wrapper\"><figure class=\"elementor-image-box-img\"><a href=\"https:\/\/www.drnurtenkucuk.com\/en\/medikal-estetik\/\" tabindex=\"-1\"><img decoding=\"async\" width=\"259\" height=\"238\" src=\"https:\/\/www.drnurtenkucuk.com\/wp-content\/uploads\/2026\/02\/Gemini_Generated_Image_lwdvz1lwdvz1lwdv-Photoroom3.png\" class=\"attachment-full size-full wp-image-1321\" alt=\"\" \/><\/a><\/figure><div class=\"elementor-image-box-content\"><h3 class=\"elementor-image-box-title\"><a href=\"https:\/\/www.drnurtenkucuk.com\/en\/medikal-estetik\/\">Medical Aesthetics<\/a><\/h3><p class=\"elementor-image-box-description\">Reliable beauty treatments that erase the signs of aging, refreshing and rejuvenating your face with Botox, fillers, and anti-aging injections, without surgery or incisions.<\/p><\/div><\/div>\t\t\t\t<\/div>\n\t\t\t\t<\/div>\n\t\t<div class=\"elementor-element elementor-element-505a116 e-con-full e-transform e-flex e-con e-child\" data-id=\"505a116\" data-element_type=\"container\" data-e-type=\"container\" data-settings=\"{&quot;_transform_translateY_effect_hover&quot;:{&quot;unit&quot;:&quot;px&quot;,&quot;size&quot;:-10,&quot;sizes&quot;:[]},&quot;_transform_translateX_effect_hover&quot;:{&quot;unit&quot;:&quot;px&quot;,&quot;size&quot;:&quot;&quot;,&quot;sizes&quot;:[]},&quot;_transform_translateX_effect_hover_tablet&quot;:{&quot;unit&quot;:&quot;px&quot;,&quot;size&quot;:&quot;&quot;,&quot;sizes&quot;:[]},&quot;_transform_translateX_effect_hover_mobile&quot;:{&quot;unit&quot;:&quot;px&quot;,&quot;size&quot;:&quot;&quot;,&quot;sizes&quot;:[]},&quot;_transform_translateY_effect_hover_tablet&quot;:{&quot;unit&quot;:&quot;px&quot;,&quot;size&quot;:&quot;&quot;,&quot;sizes&quot;:[]},&quot;_transform_translateY_effect_hover_mobile&quot;:{&quot;unit&quot;:&quot;px&quot;,&quot;size&quot;:&quot;&quot;,&quot;sizes&quot;:[]}}\">\n\t\t\t\t<div class=\"elementor-element elementor-element-57ec3b6 elementor-position-top elementor-widget elementor-widget-image-box\" data-id=\"57ec3b6\" data-element_type=\"widget\" data-e-type=\"widget\" data-widget_type=\"image-box.default\">\n\t\t\t\t\t<div class=\"elementor-image-box-wrapper\"><figure class=\"elementor-image-box-img\"><a href=\"https:\/\/www.drnurtenkucuk.com\/en\/burun-ve-sinus-hastaliklari-rinoloji\/\" tabindex=\"-1\"><img decoding=\"async\" width=\"229\" height=\"256\" src=\"https:\/\/www.drnurtenkucuk.com\/wp-content\/uploads\/2026\/02\/Gemini_Generated_Image_lwdvz1lwdvz1lwdv-Photoroom4.png\" class=\"attachment-full size-full wp-image-1322\" alt=\"\" \/><\/a><\/figure><div class=\"elementor-image-box-content\"><h3 class=\"elementor-image-box-title\"><a href=\"https:\/\/www.drnurtenkucuk.com\/en\/burun-ve-sinus-hastaliklari-rinoloji\/\">Nose and Sinus Diseases (Rhinology)<\/a><\/h3><p class=\"elementor-image-box-description\">Permanent solutions to problems that reduce your quality of life, such as nasal congestion, chronic sinusitis, polyps, and allergies, with state-of-the-art camera (endoscopic) systems.<\/p><\/div><\/div>\t\t\t\t<\/div>\n\t\t\t\t<\/div>\n\t\t<div class=\"elementor-element elementor-element-54c4b3d e-con-full e-transform e-flex e-con e-child\" data-id=\"54c4b3d\" data-element_type=\"container\" data-e-type=\"container\" data-settings=\"{&quot;_transform_translateY_effect_hover&quot;:{&quot;unit&quot;:&quot;px&quot;,&quot;size&quot;:-10,&quot;sizes&quot;:[]},&quot;_transform_translateX_effect_hover&quot;:{&quot;unit&quot;:&quot;px&quot;,&quot;size&quot;:&quot;&quot;,&quot;sizes&quot;:[]},&quot;_transform_translateX_effect_hover_tablet&quot;:{&quot;unit&quot;:&quot;px&quot;,&quot;size&quot;:&quot;&quot;,&quot;sizes&quot;:[]},&quot;_transform_translateX_effect_hover_mobile&quot;:{&quot;unit&quot;:&quot;px&quot;,&quot;size&quot;:&quot;&quot;,&quot;sizes&quot;:[]},&quot;_transform_translateY_effect_hover_tablet&quot;:{&quot;unit&quot;:&quot;px&quot;,&quot;size&quot;:&quot;&quot;,&quot;sizes&quot;:[]},&quot;_transform_translateY_effect_hover_mobile&quot;:{&quot;unit&quot;:&quot;px&quot;,&quot;size&quot;:&quot;&quot;,&quot;sizes&quot;:[]}}\">\n\t\t\t\t<div class=\"elementor-element elementor-element-350ba0a elementor-position-top elementor-widget elementor-widget-image-box\" data-id=\"350ba0a\" data-element_type=\"widget\" data-e-type=\"widget\" data-widget_type=\"image-box.default\">\n\t\t\t\t\t<div class=\"elementor-image-box-wrapper\"><figure class=\"elementor-image-box-img\"><a href=\"https:\/\/www.drnurtenkucuk.com\/en\/kulak-hastaliklari-ve-isitme-otoloji\/\" tabindex=\"-1\"><img loading=\"lazy\" decoding=\"async\" width=\"285\" height=\"221\" src=\"https:\/\/www.drnurtenkucuk.com\/wp-content\/uploads\/2026\/02\/Gemini_Generated_Image_lwdvz1lwdvz1lwdv-Photoroom5.png\" class=\"attachment-full size-full wp-image-1323\" alt=\"\" \/><\/a><\/figure><div class=\"elementor-image-box-content\"><h3 class=\"elementor-image-box-title\"><a href=\"https:\/\/www.drnurtenkucuk.com\/en\/kulak-hastaliklari-ve-isitme-otoloji\/\">Ear Diseases and Hearing (Otology) <\/a><\/h3><p class=\"elementor-image-box-description\">Modern methods for diagnosing and microscopically surgically treating hearing loss, tinnitus, dizziness (vertigo), and chronic ear infections.<\/p><\/div><\/div>\t\t\t\t<\/div>\n\t\t\t\t<\/div>\n\t\t\t\t<\/div>\n\t\t\t\t<\/div>\n\t\t<div class=\"elementor-element elementor-element-6c59c2a e-con-full e-flex e-con e-parent\" data-id=\"6c59c2a\" data-element_type=\"container\" data-e-type=\"container\" data-settings=\"{&quot;background_background&quot;:&quot;classic&quot;}\">\n\t\t<div class=\"elementor-element elementor-element-334172a e-con-full e-flex e-con e-child\" data-id=\"334172a\" data-element_type=\"container\" data-e-type=\"container\" data-settings=\"{&quot;background_background&quot;:&quot;classic&quot;}\">\n\t\t<div class=\"elementor-element elementor-element-1d9d443 e-con-full e-transform e-flex e-con e-child\" data-id=\"1d9d443\" data-element_type=\"container\" data-e-type=\"container\" data-settings=\"{&quot;_transform_translateY_effect_hover&quot;:{&quot;unit&quot;:&quot;px&quot;,&quot;size&quot;:-10,&quot;sizes&quot;:[]},&quot;_transform_translateX_effect_hover&quot;:{&quot;unit&quot;:&quot;px&quot;,&quot;size&quot;:&quot;&quot;,&quot;sizes&quot;:[]},&quot;_transform_translateX_effect_hover_tablet&quot;:{&quot;unit&quot;:&quot;px&quot;,&quot;size&quot;:&quot;&quot;,&quot;sizes&quot;:[]},&quot;_transform_translateX_effect_hover_mobile&quot;:{&quot;unit&quot;:&quot;px&quot;,&quot;size&quot;:&quot;&quot;,&quot;sizes&quot;:[]},&quot;_transform_translateY_effect_hover_tablet&quot;:{&quot;unit&quot;:&quot;px&quot;,&quot;size&quot;:&quot;&quot;,&quot;sizes&quot;:[]},&quot;_transform_translateY_effect_hover_mobile&quot;:{&quot;unit&quot;:&quot;px&quot;,&quot;size&quot;:&quot;&quot;,&quot;sizes&quot;:[]}}\">\n\t\t\t\t<div class=\"elementor-element elementor-element-56dc3bf elementor-position-top elementor-widget elementor-widget-image-box\" data-id=\"56dc3bf\" data-element_type=\"widget\" data-e-type=\"widget\" data-widget_type=\"image-box.default\">\n\t\t\t\t\t<div class=\"elementor-image-box-wrapper\"><figure class=\"elementor-image-box-img\"><a href=\"https:\/\/www.drnurtenkucuk.com\/en\/bogaz-ses-ve-yutma-hastaliklari\/\" tabindex=\"-1\"><img loading=\"lazy\" decoding=\"async\" width=\"248\" height=\"229\" src=\"https:\/\/www.drnurtenkucuk.com\/wp-content\/uploads\/2026\/02\/Gemini_Generated_Image_lwdvz1lwdvz1lwdv-Photoroom6.png\" class=\"attachment-full size-full wp-image-1324\" alt=\"\" \/><\/a><\/figure><div class=\"elementor-image-box-content\"><h3 class=\"elementor-image-box-title\"><a href=\"https:\/\/www.drnurtenkucuk.com\/en\/bogaz-ses-ve-yutma-hastaliklari\/\">Throat, Voice and Swallowing Disorders<\/a><\/h3><p class=\"elementor-image-box-description\">Expert medical and surgical approaches that protect your voice and health for problems such as vocal cord nodules\/polyps, tonsil problems, and difficulty swallowing.<\/p><\/div><\/div>\t\t\t\t<\/div>\n\t\t\t\t<\/div>\n\t\t<div class=\"elementor-element elementor-element-0a23d66 e-con-full e-transform e-flex e-con e-child\" data-id=\"0a23d66\" data-element_type=\"container\" data-e-type=\"container\" data-settings=\"{&quot;_transform_translateY_effect_hover&quot;:{&quot;unit&quot;:&quot;px&quot;,&quot;size&quot;:-10,&quot;sizes&quot;:[]},&quot;_transform_translateX_effect_hover&quot;:{&quot;unit&quot;:&quot;px&quot;,&quot;size&quot;:&quot;&quot;,&quot;sizes&quot;:[]},&quot;_transform_translateX_effect_hover_tablet&quot;:{&quot;unit&quot;:&quot;px&quot;,&quot;size&quot;:&quot;&quot;,&quot;sizes&quot;:[]},&quot;_transform_translateX_effect_hover_mobile&quot;:{&quot;unit&quot;:&quot;px&quot;,&quot;size&quot;:&quot;&quot;,&quot;sizes&quot;:[]},&quot;_transform_translateY_effect_hover_tablet&quot;:{&quot;unit&quot;:&quot;px&quot;,&quot;size&quot;:&quot;&quot;,&quot;sizes&quot;:[]},&quot;_transform_translateY_effect_hover_mobile&quot;:{&quot;unit&quot;:&quot;px&quot;,&quot;size&quot;:&quot;&quot;,&quot;sizes&quot;:[]}}\">\n\t\t\t\t<div class=\"elementor-element elementor-element-b1c8a93 elementor-position-top elementor-widget elementor-widget-image-box\" data-id=\"b1c8a93\" data-element_type=\"widget\" data-e-type=\"widget\" data-widget_type=\"image-box.default\">\n\t\t\t\t\t<div class=\"elementor-image-box-wrapper\"><figure class=\"elementor-image-box-img\"><a href=\"https:\/\/www.drnurtenkucuk.com\/en\/horlama-ve-uyku-bozukluklari\/\" tabindex=\"-1\"><img loading=\"lazy\" decoding=\"async\" width=\"232\" height=\"216\" src=\"https:\/\/www.drnurtenkucuk.com\/wp-content\/uploads\/2026\/02\/Gemini_Generated_Image_lwdvz1lwdvz1lwdv-Photoroom7.png\" class=\"attachment-full size-full wp-image-1325\" alt=\"\" \/><\/a><\/figure><div class=\"elementor-image-box-content\"><h3 class=\"elementor-image-box-title\"><a href=\"https:\/\/www.drnurtenkucuk.com\/en\/horlama-ve-uyku-bozukluklari\/\">Snoring and Sleep Disorders<\/a><\/h3><p class=\"elementor-image-box-description\">Modern treatments offer you and your loved ones a peaceful, uninterrupted night&#039;s sleep by ending chronic fatigue caused by unhealthy sleep and sleep apnea.<\/p><\/div><\/div>\t\t\t\t<\/div>\n\t\t\t\t<\/div>\n\t\t<div class=\"elementor-element elementor-element-ff5c83a e-con-full e-transform e-flex e-con e-child\" data-id=\"ff5c83a\" data-element_type=\"container\" data-e-type=\"container\" data-settings=\"{&quot;_transform_translateY_effect_hover&quot;:{&quot;unit&quot;:&quot;px&quot;,&quot;size&quot;:-10,&quot;sizes&quot;:[]},&quot;_transform_translateX_effect_hover&quot;:{&quot;unit&quot;:&quot;px&quot;,&quot;size&quot;:&quot;&quot;,&quot;sizes&quot;:[]},&quot;_transform_translateX_effect_hover_tablet&quot;:{&quot;unit&quot;:&quot;px&quot;,&quot;size&quot;:&quot;&quot;,&quot;sizes&quot;:[]},&quot;_transform_translateX_effect_hover_mobile&quot;:{&quot;unit&quot;:&quot;px&quot;,&quot;size&quot;:&quot;&quot;,&quot;sizes&quot;:[]},&quot;_transform_translateY_effect_hover_tablet&quot;:{&quot;unit&quot;:&quot;px&quot;,&quot;size&quot;:&quot;&quot;,&quot;sizes&quot;:[]},&quot;_transform_translateY_effect_hover_mobile&quot;:{&quot;unit&quot;:&quot;px&quot;,&quot;size&quot;:&quot;&quot;,&quot;sizes&quot;:[]}}\">\n\t\t\t\t<div class=\"elementor-element elementor-element-ada1c34 elementor-position-top elementor-widget elementor-widget-image-box\" data-id=\"ada1c34\" data-element_type=\"widget\" data-e-type=\"widget\" data-widget_type=\"image-box.default\">\n\t\t\t\t\t<div class=\"elementor-image-box-wrapper\"><figure class=\"elementor-image-box-img\"><a href=\"https:\/\/www.drnurtenkucuk.com\/en\/cocuk-pediatrik-kbb\/\" tabindex=\"-1\"><img loading=\"lazy\" decoding=\"async\" width=\"246\" height=\"216\" src=\"https:\/\/www.drnurtenkucuk.com\/wp-content\/uploads\/2026\/02\/Gemini_Generated_Image_lwdvz1lwdvz1lwdv-Photoroom8.png\" class=\"attachment-full size-full wp-image-1326\" alt=\"\" \/><\/a><\/figure><div class=\"elementor-image-box-content\"><h3 class=\"elementor-image-box-title\"><a href=\"https:\/\/www.drnurtenkucuk.com\/en\/cocuk-pediatrik-kbb\/\">Pediatric ENT<\/a><\/h3><p class=\"elementor-image-box-description\">Our department performs procedures such as adenoidectomy, tonsillectomy, and ear tube insertion, which are suitable for the delicate anatomy of our children, without frightening them, with compassion, and using the safest methods.<\/p><\/div><\/div>\t\t\t\t<\/div>\n\t\t\t\t<\/div>\n\t\t<div class=\"elementor-element elementor-element-82f0420 e-con-full e-transform e-flex e-con e-child\" data-id=\"82f0420\" data-element_type=\"container\" data-e-type=\"container\" data-settings=\"{&quot;_transform_translateY_effect_hover&quot;:{&quot;unit&quot;:&quot;px&quot;,&quot;size&quot;:-10,&quot;sizes&quot;:[]},&quot;_transform_translateX_effect_hover&quot;:{&quot;unit&quot;:&quot;px&quot;,&quot;size&quot;:&quot;&quot;,&quot;sizes&quot;:[]},&quot;_transform_translateX_effect_hover_tablet&quot;:{&quot;unit&quot;:&quot;px&quot;,&quot;size&quot;:&quot;&quot;,&quot;sizes&quot;:[]},&quot;_transform_translateX_effect_hover_mobile&quot;:{&quot;unit&quot;:&quot;px&quot;,&quot;size&quot;:&quot;&quot;,&quot;sizes&quot;:[]},&quot;_transform_translateY_effect_hover_tablet&quot;:{&quot;unit&quot;:&quot;px&quot;,&quot;size&quot;:&quot;&quot;,&quot;sizes&quot;:[]},&quot;_transform_translateY_effect_hover_mobile&quot;:{&quot;unit&quot;:&quot;px&quot;,&quot;size&quot;:&quot;&quot;,&quot;sizes&quot;:[]}}\">\n\t\t\t\t<div class=\"elementor-element elementor-element-334a2a4 elementor-position-top elementor-widget elementor-widget-image-box\" data-id=\"334a2a4\" data-element_type=\"widget\" data-e-type=\"widget\" data-widget_type=\"image-box.default\">\n\t\t\t\t\t<div class=\"elementor-image-box-wrapper\"><figure class=\"elementor-image-box-img\"><a href=\"https:\/\/www.drnurtenkucuk.com\/en\/bas-ve-boyun-cerrahisi\/\" tabindex=\"-1\"><img loading=\"lazy\" decoding=\"async\" width=\"254\" height=\"219\" src=\"https:\/\/www.drnurtenkucuk.com\/wp-content\/uploads\/2026\/02\/Gemini_Generated_Image_lwdvz1lwdvz1lwdv-Photoroom9.png\" class=\"attachment-full size-full wp-image-1328\" alt=\"\" \/><\/a><\/figure><div class=\"elementor-image-box-content\"><h3 class=\"elementor-image-box-title\"><a href=\"https:\/\/www.drnurtenkucuk.com\/en\/bas-ve-boyun-cerrahisi\/\">Head and Neck Surgery<\/a><\/h3><p class=\"elementor-image-box-description\">Thyroid (goiter), salivary gland diseases, and neck masses are treated with surgeries requiring advanced surgical expertise and meticulously safeguarding your health.<\/p><\/div><\/div>\t\t\t\t<\/div>\n\t\t\t\t<\/div>\n\t\t\t\t<\/div>\n\t\t\t\t<\/div>\n\t\t<div class=\"elementor-element elementor-element-3cc911ef e-flex e-con-boxed e-con e-parent\" data-id=\"3cc911ef\" data-element_type=\"container\" data-e-type=\"container\" data-settings=\"{&quot;background_background&quot;:&quot;classic&quot;}\">\n\t\t\t\t\t<div class=\"e-con-inner\">\n\t\t<div class=\"elementor-element elementor-element-6f423655 e-con-full e-flex e-con e-child\" data-id=\"6f423655\" data-element_type=\"container\" data-e-type=\"container\">\n\t\t\t\t<div class=\"elementor-element elementor-element-63feaa49 elementor-widget elementor-widget-heading\" data-id=\"63feaa49\" data-element_type=\"widget\" data-e-type=\"widget\" data-widget_type=\"heading.default\">\n\t\t\t\t\t<h2 class=\"elementor-heading-title elementor-size-default\">Take the first step towards an accurate diagnosis and personalized treatment.<\/h2>\t\t\t\t<\/div>\n\t\t\t\t<div class=\"elementor-element elementor-element-d2e33ba elementor-widget elementor-widget-text-editor\" data-id=\"d2e33ba\" data-element_type=\"widget\" data-e-type=\"widget\" data-widget_type=\"text-editor.default\">\n\t\t\t\t\t\t\t\t\t<p>For an initial consultation, examination, and personalized treatment plan, please contact us immediately.<\/p>\t\t\t\t\t\t\t\t<\/div>\n\t\t\t\t<\/div>\n\t\t<div class=\"elementor-element elementor-element-7bcbc67a e-con-full e-flex e-con e-child\" data-id=\"7bcbc67a\" data-element_type=\"container\" data-e-type=\"container\">\n\t\t\t\t<div class=\"elementor-element elementor-element-3cc975dc elementor-invisible elementor-widget elementor-widget-button\" data-id=\"3cc975dc\" data-element_type=\"widget\" data-e-type=\"widget\" data-settings=\"{&quot;_animation&quot;:&quot;pulse&quot;}\" data-widget_type=\"button.default\">\n\t\t\t\t\t\t\t\t\t\t<a class=\"elementor-button elementor-button-link elementor-size-sm elementor-animation-shrink\" href=\"https:\/\/www.drnurtenkucuk.com\/en\/ileti%e1%b9%a3im\/\">\n\t\t\t\t\t\t<span class=\"elementor-button-content-wrapper\">\n\t\t\t\t\t\t\t\t\t<span class=\"elementor-button-text\">Book an Appointment<\/span>\n\t\t\t\t\t<\/span>\n\t\t\t\t\t<\/a>\n\t\t\t\t\t\t\t\t<\/div>\n\t\t\t\t<div class=\"elementor-element elementor-element-2ebe4e70 elementor-invisible elementor-widget elementor-widget-button\" data-id=\"2ebe4e70\" data-element_type=\"widget\" data-e-type=\"widget\" data-settings=\"{&quot;_animation&quot;:&quot;pulse&quot;}\" data-widget_type=\"button.default\">\n\t\t\t\t\t\t\t\t\t\t<a class=\"elementor-button elementor-button-link elementor-size-sm elementor-animation-shrink\" href=\"https:\/\/wa.me\/905058758548\" target=\"_blank\" rel=\"noopener\">\n\t\t\t\t\t\t<span class=\"elementor-button-content-wrapper\">\n\t\t\t\t\t\t<span class=\"elementor-button-icon\">\n\t\t\t\t<svg aria-hidden=\"true\" class=\"e-font-icon-svg e-fab-whatsapp\" viewbox=\"0 0 448 512\" xmlns=\"http:\/\/www.w3.org\/2000\/svg\"><path d=\"M380.9 97.1C339 55.1 283.2 32 223.9 32c-122.4 0-222 99.6-222 222 0 39.1 10.2 77.3 29.6 111L0 480l117.7-30.9c32.4 17.7 68.9 27 106.1 27h.1c122.3 0 224.1-99.6 224.1-222 0-59.3-25.2-115-67.1-157zm-157 341.6c-33.2 0-65.7-8.9-94-25.7l-6.7-4-69.8 18.3L72 359.2l-4.4-7c-18.5-29.4-28.2-63.3-28.2-98.2 0-101.7 82.8-184.5 184.6-184.5 49.3 0 95.6 19.2 130.4 54.1 34.8 34.9 56.2 81.2 56.1 130.5 0 101.8-84.9 184.6-186.6 184.6zm101.2-138.2c-5.5-2.8-32.8-16.2-37.9-18-5.1-1.9-8.8-2.8-12.5 2.8-3.7 5.6-14.3 18-17.6 21.8-3.2 3.7-6.5 4.2-12 1.4-32.6-16.3-54-29.1-75.5-66-5.7-9.8 5.7-9.1 16.3-30.3 1.8-3.7.9-6.9-.5-9.7-1.4-2.8-12.5-30.1-17.1-41.2-4.5-10.8-9.1-9.3-12.5-9.5-3.2-.2-6.9-.2-10.6-.2-3.7 0-9.7 1.4-14.8 6.9-5.1 5.6-19.4 19-19.4 46.3 0 27.3 19.9 53.7 22.6 57.4 2.8 3.7 39.1 59.7 94.8 83.8 35.2 15.2 49 16.5 66.6 13.9 10.7-1.6 32.8-13.4 37.4-26.4 4.6-13 4.6-24.1 3.2-26.4-1.3-2.5-5-3.9-10.5-6.6z\"><\/path><\/svg>\t\t\t<\/span>\n\t\t\t\t\t\t\t\t\t<span class=\"elementor-button-text\">Problems with WhatsApp<\/span>\n\t\t\t\t\t<\/span>\n\t\t\t\t\t<\/a>\n\t\t\t\t\t\t\t\t<\/div>\n\t\t\t\t<\/div>\n\t\t\t\t\t<\/div>\n\t\t\t\t<\/div>\n\t\t\t\t<\/div>","protected":false},"excerpt":{"rendered":"<p>Hizmetlerimiz Burun ve Y\u00fcz Esteti\u011fi Y\u00fcz\u00fcn\u00fczdeki alt\u0131n oran\u0131 yakalamak ve sa\u011fl\u0131kl\u0131 nefes almak i\u00e7in tasarlanm\u0131\u015f; do\u011fall\u0131\u011f\u0131 \u00f6n planda tutan, ki\u015fiye \u00f6zel estetik ve fonksiyonel cerrahi dokunu\u015flar. Medikal Estetik Ameliyat ve kesi izi olmadan; botoks, dolgu ve gen\u00e7lik a\u015f\u0131lar\u0131yla y\u0131llar\u0131n izlerini silen, y\u00fcz\u00fcn\u00fcz\u00fc tazeleyip gen\u00e7le\u015ftiren g\u00fcvenilir g\u00fczellik uygulamalar\u0131. Burun ve Sin\u00fcs Hastal\u0131klar\u0131 (Rinoloji) Burun t\u0131kan\u0131kl\u0131\u011f\u0131, kronik&#8230;<\/p>","protected":false},"author":1,"featured_media":0,"parent":0,"menu_order":0,"comment_status":"closed","ping_status":"closed","template":"","meta":{"_kad_post_transparent":"","_kad_post_title":"hide","_kad_post_layout":"fullwidth","_kad_post_sidebar_id":"","_kad_post_content_style":"unboxed","_kad_post_vertical_padding":"hide","_kad_post_feature":"hide","_kad_post_feature_position":"","_kad_post_header":false,"_kad_post_footer":false,"_kad_post_classname":"","_joinchat":[],"footnotes":""},"class_list":["post-327","page","type-page","status-publish","hentry"],"_links":{"self":[{"href":"http:\/\/www.drnurtenkucuk.com\/en\/wp-json\/wp\/v2\/pages\/327","targetHints":{"allow":["GET"]}}],"collection":[{"href":"http:\/\/www.drnurtenkucuk.com\/en\/wp-json\/wp\/v2\/pages"}],"about":[{"href":"http:\/\/www.drnurtenkucuk.com\/en\/wp-json\/wp\/v2\/types\/page"}],"author":[{"embeddable":true,"href":"http:\/\/www.drnurtenkucuk.com\/en\/wp-json\/wp\/v2\/users\/1"}],"replies":[{"embeddable":true,"href":"http:\/\/www.drnurtenkucuk.com\/en\/wp-json\/wp\/v2\/comments?post=327"}],"version-history":[{"count":46,"href":"http:\/\/www.drnurtenkucuk.com\/en\/wp-json\/wp\/v2\/pages\/327\/revisions"}],"predecessor-version":[{"id":3798,"href":"http:\/\/www.drnurtenkucuk.com\/en\/wp-json\/wp\/v2\/pages\/327\/revisions\/3798"}],"wp:attachment":[{"href":"http:\/\/www.drnurtenkucuk.com\/en\/wp-json\/wp\/v2\/media?parent=327"}],"curies":[{"name":"wp","href":"https:\/\/api.w.org\/{rel}","templated":true}]}}